{"id":83,"date":"2015-03-02T18:24:15","date_gmt":"2015-03-02T18:24:15","guid":{"rendered":"http:\/\/totaltheme.wpengine.com\/blognom\/?page_id=2"},"modified":"2019-12-09T19:22:26","modified_gmt":"2019-12-09T18:22:26","slug":"blog","status":"publish","type":"page","link":"https:\/\/blog-formation-apprentissage-construction-batiment.fr\/","title":{"rendered":"Blog sur la formation et l&rsquo;apprentissage en b\u00e2timent"},"content":{"rendered":"[vc_row][vc_column][vc_column_text]\n<p style=\"text-align: justify;\">Parcourez le blog et d\u00e9couvrez les liens et les articles utiles lors de vos recherches <a href=\"http:\/\/blog-formation-apprentissage-construction-batiment-nv-aquitaine.fr\/index.php\/les-formations-batiment-construction\/\">de formation<\/a> et <a href=\"http:\/\/blog-formation-apprentissage-construction-batiment-nv-aquitaine.fr\/index.php\/apprentissage-batiment-construction\/\">d&rsquo;apprentissage<\/a> en b\u00e2timent et en construction.<\/p>\n<p style=\"text-align: justify;\">Regardez nos fiches\u00a0sur <a href=\"http:\/\/blog-formation-apprentissage-construction-batiment-nv-aquitaine.fr\/index.php\/les-metiers-en-batiment-construction\/\">les m\u00e9tiers<\/a> et <a href=\"http:\/\/blog-formation-apprentissage-construction-batiment-nv-aquitaine.fr\/index.php\/les-formations-batiment-construction\/\">les formations<\/a> en b\u00e2timent et nos <a href=\"https:\/\/www.youtube.com\/channel\/UCL0iQ6SOMaxmcdXPDpGT4uQ\">vid\u00e9os m\u00e9tier<\/a> afin de d\u00e9couvrir comment devenir un professionnel reconnu dans le m\u00e9tier de votre choix.<\/p>\n<p style=\"text-align: justify;\">Trouvez toutes les informations pertinentes concernant <a href=\"http:\/\/blog-formation-apprentissage-construction-batiment-nv-aquitaine.fr\/index.php\/apprentissage-batiment-construction\/\">l&rsquo;apprentissage<\/a>, <a href=\"http:\/\/blog-formation-apprentissage-construction-batiment-nv-aquitaine.fr\/index.php\/le-contrat-dapprentissage\/\">le contrat d\u2019apprentissage<\/a> et le <a href=\"http:\/\/blog-formation-apprentissage-construction-batiment-nv-aquitaine.fr\/index.php\/le-contrat-de-professionnalisation\/\">contrat de professionnalisation\u00a0 <\/a>pour les m\u00e9tiers du b\u00e2timent et de la construction en r\u00e9gion Nouvelle-Aquitaine.<\/p>\n<p style=\"text-align: justify;\">D\u00e9couvrez les <a href=\"https:\/\/emploi-nouvelleaquitaine-construction-batiment.fr\/?p=54\">r\u00e9seaux sociaux<\/a> sur l\u2019emploi dans le secteur du b\u00e2timent et restez \u00e0 jour dans votre domaine.<\/p>\n<p style=\"text-align: justify;\">Notre premier conseil : en b\u00e2timent et en construction, pour toutes vos recherches de stage, de contrat d\u2019alternance, de <a href=\"http:\/\/blog-formation-apprentissage-construction-batiment-nv-aquitaine.fr\/index.php\/le-contrat-dapprentissage\/\">contrat d\u2019apprentissage<\/a> ou de <a href=\"http:\/\/blog-formation-apprentissage-construction-batiment-nv-aquitaine.fr\/index.php\/le-contrat-de-professionnalisation\/\">contrat de professionnalisation<\/a> allez sur le site<a href=\"https:\/\/emploi.nouvelleaquitaine.construction\/\"> emploi.nouvelleaquitaine.construction <\/a>en utilisant les raccourcis ci-dessous.<\/p>\n[\/vc_column_text][\/vc_column][\/vc_row][vc_row][vc_column][vc_row_inner][vc_column_inner width=\u00a0\u00bb1\/3&Prime;][vc_btn title=\u00a0\u00bbTrouver un contrat d&rsquo;apprentissage\u00a0\u00bb color=\u00a0\u00bbprimary\u00a0\u00bb size=\u00a0\u00bblg\u00a0\u00bb link=\u00a0\u00bburl:https%3A%2F%2Femploi.nouvelleaquitaine.construction%2F%3Foffer_search%255Bdepartement%255D%3D%26offer_search%255Bmetier%255D%3D%26offer_search%255Bqualification%255D%3D%26offer_search%255Bcontract%255D%3D4%26offer_search%255Bsubmit%255D%3D|title:Contrats%20d&rsquo;apprentissage||\u00a0\u00bb][\/vc_column_inner][vc_column_inner width=\u00a0\u00bb1\/3&Prime;][vc_btn title=\u00a0\u00bbTrouver un contrat de professionnalisation\u00a0\u00bb color=\u00a0\u00bbprimary\u00a0\u00bb size=\u00a0\u00bblg\u00a0\u00bb link=\u00a0\u00bburl:https%3A%2F%2Femploi.nouvelleaquitaine.construction%2F%3Foffer_search%255Bdepartement%255D%3D%26offer_search%255Bmetier%255D%3D%26offer_search%255Bqualification%255D%3D%26offer_search%255Bcontract%255D%3D3%26offer_search%255Bsubmit%255D%3D|title:Contrats%20Pro||\u00a0\u00bb][\/vc_column_inner][vc_column_inner width=\u00a0\u00bb1\/3&Prime;][vc_btn title=\u00a0\u00bbTrouver un stage en B\u00e2timent\u00a0\u00bb color=\u00a0\u00bbprimary\u00a0\u00bb size=\u00a0\u00bblg\u00a0\u00bb link=\u00a0\u00bburl:https%3A%2F%2Femploi.nouvelleaquitaine.construction%2F%3Foffer_search%255Bdepartement%255D%3D%26offer_search%255Bmetier%255D%3D%26offer_search%255Bqualification%255D%3D%26offer_search%255Bcontract%255D%3D5%26offer_search%255Bsubmit%255D%3D|title:stage%20en%20batiment||\u00a0\u00bb][\/vc_column_inner][\/vc_row_inner][\/vc_column][\/vc_row]\n","protected":false},"excerpt":{"rendered":"<p>[vc_row][vc_column][vc_column_text] Parcourez le blog et d\u00e9couvrez les liens et les articles utiles lors de vos recherches de formation et d&rsquo;apprentissage en b\u00e2timent et en construction. Regardez nos fiches\u00a0sur les m\u00e9tiers et les formations en b\u00e2timent et nos vid\u00e9os m\u00e9tier afin&hellip;<\/p>\n","protected":false},"author":1,"featured_media":0,"parent":0,"menu_order":0,"comment_status":"closed","ping_status":"open","template":"templates\/blog.php","meta":{"footnotes":""},"class_list":["post-83","page","type-page","status-publish","hentry","entry","no-media"],"yoast_head":"<!-- This site is optimized with the Yoast SEO plugin v25.3 - https:\/\/yoast.com\/wordpress\/plugins\/seo\/ -->\n<title>Blog sur la formation et l&#039;apprentissage en b\u00e2timent - Blog formation apprentissage construction b\u00e2timent aquitaine<\/title>\n<meta name=\"description\" content=\"Parcourez le blog et d\u00e9couvrez les liens et les articles utiles lors de vos recherches de formation et d\u2019apprentissage en b\u00e2timent.\" \/>\n<meta name=\"robots\" content=\"index, follow, max-snippet:-1, max-image-preview:large, max-video-preview:-1\" \/>\n<link rel=\"canonical\" href=\"https:\/\/blog-formation-apprentissage-construction-batiment.fr\/\" \/>\n<meta property=\"og:locale\" content=\"fr_FR\" \/>\n<meta property=\"og:type\" content=\"article\" \/>\n<meta property=\"og:title\" content=\"Blog sur la formation et l&#039;apprentissage en b\u00e2timent - Blog formation apprentissage construction b\u00e2timent aquitaine\" \/>\n<meta property=\"og:description\" content=\"Parcourez le blog et d\u00e9couvrez les liens et les articles utiles lors de vos recherches de formation et d\u2019apprentissage en b\u00e2timent.\" \/>\n<meta property=\"og:url\" content=\"https:\/\/blog-formation-apprentissage-construction-batiment.fr\/\" \/>\n<meta property=\"og:site_name\" content=\"Blog formation apprentissage construction b\u00e2timent aquitaine\" \/>\n<meta property=\"article:modified_time\" content=\"2019-12-09T18:22:26+00:00\" \/>\n<meta name=\"twitter:card\" content=\"summary_large_image\" \/>\n<meta name=\"twitter:label1\" content=\"Dur\u00e9e de lecture estim\u00e9e\" \/>\n\t<meta name=\"twitter:data1\" content=\"2 minutes\" \/>\n<script type=\"application\/ld+json\" class=\"yoast-schema-graph\">{\"@context\":\"https:\/\/schema.org\",\"@graph\":[{\"@type\":\"WebPage\",\"@id\":\"https:\/\/blog-formation-apprentissage-construction-batiment.fr\/\",\"url\":\"https:\/\/blog-formation-apprentissage-construction-batiment.fr\/\",\"name\":\"Blog sur la formation et l'apprentissage en b\u00e2timent - Blog formation apprentissage construction b\u00e2timent aquitaine\",\"isPartOf\":{\"@id\":\"https:\/\/blog-formation-apprentissage-construction-batiment.fr\/#website\"},\"datePublished\":\"2015-03-02T18:24:15+00:00\",\"dateModified\":\"2019-12-09T18:22:26+00:00\",\"description\":\"Parcourez le blog et d\u00e9couvrez les liens et les articles utiles lors de vos recherches de formation et d\u2019apprentissage en b\u00e2timent.\",\"breadcrumb\":{\"@id\":\"https:\/\/blog-formation-apprentissage-construction-batiment.fr\/#breadcrumb\"},\"inLanguage\":\"fr-FR\",\"potentialAction\":[{\"@type\":\"ReadAction\",\"target\":[\"https:\/\/blog-formation-apprentissage-construction-batiment.fr\/\"]}]},{\"@type\":\"BreadcrumbList\",\"@id\":\"https:\/\/blog-formation-apprentissage-construction-batiment.fr\/#breadcrumb\",\"itemListElement\":[{\"@type\":\"ListItem\",\"position\":1,\"name\":\"Accueil\",\"item\":\"https:\/\/blog-formation-apprentissage-construction-batiment.fr\/\"},{\"@type\":\"ListItem\",\"position\":2,\"name\":\"Blog sur la formation et l&rsquo;apprentissage en b\u00e2timent\"}]},{\"@type\":\"WebSite\",\"@id\":\"https:\/\/blog-formation-apprentissage-construction-batiment.fr\/#website\",\"url\":\"https:\/\/blog-formation-apprentissage-construction-batiment.fr\/\",\"name\":\"Blog formation apprentissage construction b\u00e2timent aquitaine\",\"description\":\"trouvez votre formation apprentissage dans les m\u00e9tiers du b\u00e2timent en Nouvelle-Aquitaine\",\"publisher\":{\"@id\":\"https:\/\/blog-formation-apprentissage-construction-batiment.fr\/#organization\"},\"potentialAction\":[{\"@type\":\"SearchAction\",\"target\":{\"@type\":\"EntryPoint\",\"urlTemplate\":\"https:\/\/blog-formation-apprentissage-construction-batiment.fr\/?s={search_term_string}\"},\"query-input\":{\"@type\":\"PropertyValueSpecification\",\"valueRequired\":true,\"valueName\":\"search_term_string\"}}],\"inLanguage\":\"fr-FR\"},{\"@type\":\"Organization\",\"@id\":\"https:\/\/blog-formation-apprentissage-construction-batiment.fr\/#organization\",\"name\":\"Blog formation apprentissage construction b\u00e2timent aquitaine\",\"url\":\"https:\/\/blog-formation-apprentissage-construction-batiment.fr\/\",\"logo\":{\"@type\":\"ImageObject\",\"inLanguage\":\"fr-FR\",\"@id\":\"https:\/\/blog-formation-apprentissage-construction-batiment.fr\/#\/schema\/logo\/image\/\",\"url\":\"https:\/\/blog-formation-apprentissage-construction-batiment.fr\/wp-content\/uploads\/2019\/12\/LOGO-apprentissage-et-formation-batiment-construction-5.png\",\"contentUrl\":\"https:\/\/blog-formation-apprentissage-construction-batiment.fr\/wp-content\/uploads\/2019\/12\/LOGO-apprentissage-et-formation-batiment-construction-5.png\",\"width\":736,\"height\":317,\"caption\":\"Blog formation apprentissage construction b\u00e2timent aquitaine\"},\"image\":{\"@id\":\"https:\/\/blog-formation-apprentissage-construction-batiment.fr\/#\/schema\/logo\/image\/\"}}]}<\/script>\n<!-- \/ Yoast SEO plugin. -->","yoast_head_json":{"title":"Blog sur la formation et l'apprentissage en b\u00e2timent - Blog formation apprentissage construction b\u00e2timent aquitaine","description":"Parcourez le blog et d\u00e9couvrez les liens et les articles utiles lors de vos recherches de formation et d\u2019apprentissage en b\u00e2timent.","robots":{"index":"index","follow":"follow","max-snippet":"max-snippet:-1","max-image-preview":"max-image-preview:large","max-video-preview":"max-video-preview:-1"},"canonical":"https:\/\/blog-formation-apprentissage-construction-batiment.fr\/","og_locale":"fr_FR","og_type":"article","og_title":"Blog sur la formation et l'apprentissage en b\u00e2timent - Blog formation apprentissage construction b\u00e2timent aquitaine","og_description":"Parcourez le blog et d\u00e9couvrez les liens et les articles utiles lors de vos recherches de formation et d\u2019apprentissage en b\u00e2timent.","og_url":"https:\/\/blog-formation-apprentissage-construction-batiment.fr\/","og_site_name":"Blog formation apprentissage construction b\u00e2timent aquitaine","article_modified_time":"2019-12-09T18:22:26+00:00","twitter_card":"summary_large_image","twitter_misc":{"Dur\u00e9e de lecture estim\u00e9e":"2 minutes"},"schema":{"@context":"https:\/\/schema.org","@graph":[{"@type":"WebPage","@id":"https:\/\/blog-formation-apprentissage-construction-batiment.fr\/","url":"https:\/\/blog-formation-apprentissage-construction-batiment.fr\/","name":"Blog sur la formation et l'apprentissage en b\u00e2timent - Blog formation apprentissage construction b\u00e2timent aquitaine","isPartOf":{"@id":"https:\/\/blog-formation-apprentissage-construction-batiment.fr\/#website"},"datePublished":"2015-03-02T18:24:15+00:00","dateModified":"2019-12-09T18:22:26+00:00","description":"Parcourez le blog et d\u00e9couvrez les liens et les articles utiles lors de vos recherches de formation et d\u2019apprentissage en b\u00e2timent.","breadcrumb":{"@id":"https:\/\/blog-formation-apprentissage-construction-batiment.fr\/#breadcrumb"},"inLanguage":"fr-FR","potentialAction":[{"@type":"ReadAction","target":["https:\/\/blog-formation-apprentissage-construction-batiment.fr\/"]}]},{"@type":"BreadcrumbList","@id":"https:\/\/blog-formation-apprentissage-construction-batiment.fr\/#breadcrumb","itemListElement":[{"@type":"ListItem","position":1,"name":"Accueil","item":"https:\/\/blog-formation-apprentissage-construction-batiment.fr\/"},{"@type":"ListItem","position":2,"name":"Blog sur la formation et l&rsquo;apprentissage en b\u00e2timent"}]},{"@type":"WebSite","@id":"https:\/\/blog-formation-apprentissage-construction-batiment.fr\/#website","url":"https:\/\/blog-formation-apprentissage-construction-batiment.fr\/","name":"Blog formation apprentissage construction b\u00e2timent aquitaine","description":"trouvez votre formation apprentissage dans les m\u00e9tiers du b\u00e2timent en Nouvelle-Aquitaine","publisher":{"@id":"https:\/\/blog-formation-apprentissage-construction-batiment.fr\/#organization"},"potentialAction":[{"@type":"SearchAction","target":{"@type":"EntryPoint","urlTemplate":"https:\/\/blog-formation-apprentissage-construction-batiment.fr\/?s={search_term_string}"},"query-input":{"@type":"PropertyValueSpecification","valueRequired":true,"valueName":"search_term_string"}}],"inLanguage":"fr-FR"},{"@type":"Organization","@id":"https:\/\/blog-formation-apprentissage-construction-batiment.fr\/#organization","name":"Blog formation apprentissage construction b\u00e2timent aquitaine","url":"https:\/\/blog-formation-apprentissage-construction-batiment.fr\/","logo":{"@type":"ImageObject","inLanguage":"fr-FR","@id":"https:\/\/blog-formation-apprentissage-construction-batiment.fr\/#\/schema\/logo\/image\/","url":"https:\/\/blog-formation-apprentissage-construction-batiment.fr\/wp-content\/uploads\/2019\/12\/LOGO-apprentissage-et-formation-batiment-construction-5.png","contentUrl":"https:\/\/blog-formation-apprentissage-construction-batiment.fr\/wp-content\/uploads\/2019\/12\/LOGO-apprentissage-et-formation-batiment-construction-5.png","width":736,"height":317,"caption":"Blog formation apprentissage construction b\u00e2timent aquitaine"},"image":{"@id":"https:\/\/blog-formation-apprentissage-construction-batiment.fr\/#\/schema\/logo\/image\/"}}]}},"_links":{"self":[{"href":"https:\/\/blog-formation-apprentissage-construction-batiment.fr\/index.php\/wp-json\/wp\/v2\/pages\/83","targetHints":{"allow":["GET"]}}],"collection":[{"href":"https:\/\/blog-formation-apprentissage-construction-batiment.fr\/index.php\/wp-json\/wp\/v2\/pages"}],"about":[{"href":"https:\/\/blog-formation-apprentissage-construction-batiment.fr\/index.php\/wp-json\/wp\/v2\/types\/page"}],"author":[{"embeddable":true,"href":"https:\/\/blog-formation-apprentissage-construction-batiment.fr\/index.php\/wp-json\/wp\/v2\/users\/1"}],"replies":[{"embeddable":true,"href":"https:\/\/blog-formation-apprentissage-construction-batiment.fr\/index.php\/wp-json\/wp\/v2\/comments?post=83"}],"version-history":[{"count":26,"href":"https:\/\/blog-formation-apprentissage-construction-batiment.fr\/index.php\/wp-json\/wp\/v2\/pages\/83\/revisions"}],"predecessor-version":[{"id":638,"href":"https:\/\/blog-formation-apprentissage-construction-batiment.fr\/index.php\/wp-json\/wp\/v2\/pages\/83\/revisions\/638"}],"wp:attachment":[{"href":"https:\/\/blog-formation-apprentissage-construction-batiment.fr\/index.php\/wp-json\/wp\/v2\/media?parent=83"}],"curies":[{"name":"wp","href":"https:\/\/api.w.org\/{rel}","templated":true}]}}