{"id":700,"date":"2020-12-07T13:21:52","date_gmt":"2020-12-07T12:21:52","guid":{"rendered":"http:\/\/blog-formation-apprentissage-construction-batiment-nv-aquitaine.fr\/?page_id=700"},"modified":"2020-12-07T13:21:53","modified_gmt":"2020-12-07T12:21:53","slug":"offre-dapprentissage-apprenti-menuisier","status":"publish","type":"page","link":"https:\/\/blog-formation-apprentissage-construction-batiment.fr\/index.php\/offre-dapprentissage-apprenti-menuisier\/","title":{"rendered":"Offre d&rsquo;apprentissage : APPRENTI MENUISIER"},"content":{"rendered":"\n<p>Offre d&rsquo;apprentissage : APPRENTI MENUISIER<\/p>\n\n\n\n<h4 class=\"wp-block-heading\">DESCRIPTION DU POSTE<\/h4>\n\n\n\n<p>Vous n\u2019aimez pas les postes \u00e0 taches r\u00e9p\u00e9titives, vous aimez aider les autres dans le besoin (personnes sinistr\u00e9es), vous \u00eates dynamiques, rigoureux, autonome, \u2026<\/p>\n\n\n\n<p>Atrimmo est une entreprise innovante, sp\u00e9cialis\u00e9e dans la r\u00e9paration de menuiseries suite \u00e0 effraction, pose de menuiseries, serrurerie, vitrerie. O\u00f9 l\u2019ensemble de son personnel participe \u00e0 la vie de l\u2019entreprise<\/p>\n\n\n\n<p>Notre soci\u00e9t\u00e9 recherche son ou sa futur(e) apprenti(e) pour effectuer un CAP Menuiserie, Aluminium, Verre sur deux ans.<\/p>\n\n\n\n<p>Vos missions&nbsp;:<\/p>\n\n\n\n<p>Assister le technicien dans&nbsp;:<\/p>\n\n\n\n<ul class=\"wp-block-list\"><li>La r\u00e9paration de menuiseries (aluminium et PVC)<\/li><li>Pose de menuiseries<\/li><li>Serrurerie (ouverture de porte, remplacement de serrure)<\/li><li>Remplacement de vitrerie<\/li><\/ul>\n\n\n\n<p>Profil recherch\u00e9&nbsp;:<\/p>\n\n\n\n<ul class=\"wp-block-list\"><li>Personne majeur<\/li><li>Casier judiciaire vierge<\/li><li>Titulaire du permis B<\/li><li>Qui aime le travail bien fait<\/li><\/ul>\n\n\n\n<p>Le lieu d\u2019embauche est \u00e0 Ambes 33, les d\u00e9placements s\u2019effectuent principalement sur Bordeaux M\u00e9tropole, Le M\u00e9doc et le sud de la Charente Maritime.<\/p>\n\n\n\n<p>R\u00e9mun\u00e9ration sur base tarifaire apprentissage, avec primes de paniers, et d\u00e9placements (hors jours de formation au CFA), prime qualit\u00e9.<\/p>\n\n\n\n<p><\/p>\n\n\n\n<p>Pour postuler suivez le lien : <a href=\"https:\/\/emploi.nouvelleaquitaine.construction\/offre\/apprenti-menuisier\">https:\/\/emploi.nouvelleaquitaine.construction\/offre\/apprenti-menuisier<\/a><\/p>\n","protected":false},"excerpt":{"rendered":"<p>Offre d&rsquo;apprentissage : APPRENTI MENUISIER DESCRIPTION DU POSTE Vous n\u2019aimez pas les postes \u00e0 taches r\u00e9p\u00e9titives, vous aimez aider les autres dans le besoin (personnes sinistr\u00e9es), vous \u00eates dynamiques, rigoureux, autonome, \u2026 Atrimmo est une entreprise innovante, sp\u00e9cialis\u00e9e dans la&hellip;<\/p>\n","protected":false},"author":1,"featured_media":0,"parent":0,"menu_order":0,"comment_status":"closed","ping_status":"closed","template":"","meta":{"footnotes":""},"class_list":["post-700","page","type-page","status-publish","hentry","entry","no-media"],"yoast_head":"<!-- This site is optimized with the Yoast SEO plugin v25.3 - https:\/\/yoast.com\/wordpress\/plugins\/seo\/ -->\n<title>Offre d&#039;apprentissage : APPRENTI MENUISIER - Blog formation apprentissage construction b\u00e2timent aquitaine<\/title>\n<meta name=\"robots\" content=\"index, follow, max-snippet:-1, max-image-preview:large, max-video-preview:-1\" \/>\n<link rel=\"canonical\" href=\"https:\/\/blog-formation-apprentissage-construction-batiment.fr\/index.php\/offre-dapprentissage-apprenti-menuisier\/\" \/>\n<meta property=\"og:locale\" content=\"fr_FR\" \/>\n<meta property=\"og:type\" content=\"article\" \/>\n<meta property=\"og:title\" content=\"Offre d&#039;apprentissage : APPRENTI MENUISIER - Blog formation apprentissage construction b\u00e2timent aquitaine\" \/>\n<meta property=\"og:description\" content=\"Offre d&rsquo;apprentissage : APPRENTI MENUISIER DESCRIPTION DU POSTE Vous n\u2019aimez pas les postes \u00e0 taches r\u00e9p\u00e9titives, vous aimez aider les autres dans le besoin (personnes sinistr\u00e9es), vous \u00eates dynamiques, rigoureux, autonome, \u2026 Atrimmo est une entreprise innovante, sp\u00e9cialis\u00e9e dans la&hellip;\" \/>\n<meta property=\"og:url\" content=\"https:\/\/blog-formation-apprentissage-construction-batiment.fr\/index.php\/offre-dapprentissage-apprenti-menuisier\/\" \/>\n<meta property=\"og:site_name\" content=\"Blog formation apprentissage construction b\u00e2timent aquitaine\" \/>\n<meta property=\"article:modified_time\" content=\"2020-12-07T12:21:53+00:00\" \/>\n<meta name=\"twitter:card\" content=\"summary_large_image\" \/>\n<meta name=\"twitter:label1\" content=\"Dur\u00e9e de lecture estim\u00e9e\" \/>\n\t<meta name=\"twitter:data1\" content=\"1 minute\" \/>\n<script type=\"application\/ld+json\" class=\"yoast-schema-graph\">{\"@context\":\"https:\/\/schema.org\",\"@graph\":[{\"@type\":\"WebPage\",\"@id\":\"https:\/\/blog-formation-apprentissage-construction-batiment.fr\/index.php\/offre-dapprentissage-apprenti-menuisier\/\",\"url\":\"https:\/\/blog-formation-apprentissage-construction-batiment.fr\/index.php\/offre-dapprentissage-apprenti-menuisier\/\",\"name\":\"Offre d'apprentissage : APPRENTI MENUISIER - Blog formation apprentissage construction b\u00e2timent aquitaine\",\"isPartOf\":{\"@id\":\"https:\/\/blog-formation-apprentissage-construction-batiment.fr\/#website\"},\"datePublished\":\"2020-12-07T12:21:52+00:00\",\"dateModified\":\"2020-12-07T12:21:53+00:00\",\"breadcrumb\":{\"@id\":\"https:\/\/blog-formation-apprentissage-construction-batiment.fr\/index.php\/offre-dapprentissage-apprenti-menuisier\/#breadcrumb\"},\"inLanguage\":\"fr-FR\",\"potentialAction\":[{\"@type\":\"ReadAction\",\"target\":[\"https:\/\/blog-formation-apprentissage-construction-batiment.fr\/index.php\/offre-dapprentissage-apprenti-menuisier\/\"]}]},{\"@type\":\"BreadcrumbList\",\"@id\":\"https:\/\/blog-formation-apprentissage-construction-batiment.fr\/index.php\/offre-dapprentissage-apprenti-menuisier\/#breadcrumb\",\"itemListElement\":[{\"@type\":\"ListItem\",\"position\":1,\"name\":\"Accueil\",\"item\":\"https:\/\/blog-formation-apprentissage-construction-batiment.fr\/\"},{\"@type\":\"ListItem\",\"position\":2,\"name\":\"Offre d&rsquo;apprentissage : APPRENTI MENUISIER\"}]},{\"@type\":\"WebSite\",\"@id\":\"https:\/\/blog-formation-apprentissage-construction-batiment.fr\/#website\",\"url\":\"https:\/\/blog-formation-apprentissage-construction-batiment.fr\/\",\"name\":\"Blog formation apprentissage construction b\u00e2timent aquitaine\",\"description\":\"trouvez votre formation apprentissage dans les m\u00e9tiers du b\u00e2timent en Nouvelle-Aquitaine\",\"publisher\":{\"@id\":\"https:\/\/blog-formation-apprentissage-construction-batiment.fr\/#organization\"},\"potentialAction\":[{\"@type\":\"SearchAction\",\"target\":{\"@type\":\"EntryPoint\",\"urlTemplate\":\"https:\/\/blog-formation-apprentissage-construction-batiment.fr\/?s={search_term_string}\"},\"query-input\":{\"@type\":\"PropertyValueSpecification\",\"valueRequired\":true,\"valueName\":\"search_term_string\"}}],\"inLanguage\":\"fr-FR\"},{\"@type\":\"Organization\",\"@id\":\"https:\/\/blog-formation-apprentissage-construction-batiment.fr\/#organization\",\"name\":\"Blog formation apprentissage construction b\u00e2timent aquitaine\",\"url\":\"https:\/\/blog-formation-apprentissage-construction-batiment.fr\/\",\"logo\":{\"@type\":\"ImageObject\",\"inLanguage\":\"fr-FR\",\"@id\":\"https:\/\/blog-formation-apprentissage-construction-batiment.fr\/#\/schema\/logo\/image\/\",\"url\":\"https:\/\/blog-formation-apprentissage-construction-batiment.fr\/wp-content\/uploads\/2019\/12\/LOGO-apprentissage-et-formation-batiment-construction-5.png\",\"contentUrl\":\"https:\/\/blog-formation-apprentissage-construction-batiment.fr\/wp-content\/uploads\/2019\/12\/LOGO-apprentissage-et-formation-batiment-construction-5.png\",\"width\":736,\"height\":317,\"caption\":\"Blog formation apprentissage construction b\u00e2timent aquitaine\"},\"image\":{\"@id\":\"https:\/\/blog-formation-apprentissage-construction-batiment.fr\/#\/schema\/logo\/image\/\"}}]}<\/script>\n<!-- \/ Yoast SEO plugin. -->","yoast_head_json":{"title":"Offre d'apprentissage : APPRENTI MENUISIER - Blog formation apprentissage construction b\u00e2timent aquitaine","robots":{"index":"index","follow":"follow","max-snippet":"max-snippet:-1","max-image-preview":"max-image-preview:large","max-video-preview":"max-video-preview:-1"},"canonical":"https:\/\/blog-formation-apprentissage-construction-batiment.fr\/index.php\/offre-dapprentissage-apprenti-menuisier\/","og_locale":"fr_FR","og_type":"article","og_title":"Offre d'apprentissage : APPRENTI MENUISIER - Blog formation apprentissage construction b\u00e2timent aquitaine","og_description":"Offre d&rsquo;apprentissage : APPRENTI MENUISIER DESCRIPTION DU POSTE Vous n\u2019aimez pas les postes \u00e0 taches r\u00e9p\u00e9titives, vous aimez aider les autres dans le besoin (personnes sinistr\u00e9es), vous \u00eates dynamiques, rigoureux, autonome, \u2026 Atrimmo est une entreprise innovante, sp\u00e9cialis\u00e9e dans la&hellip;","og_url":"https:\/\/blog-formation-apprentissage-construction-batiment.fr\/index.php\/offre-dapprentissage-apprenti-menuisier\/","og_site_name":"Blog formation apprentissage construction b\u00e2timent aquitaine","article_modified_time":"2020-12-07T12:21:53+00:00","twitter_card":"summary_large_image","twitter_misc":{"Dur\u00e9e de lecture estim\u00e9e":"1 minute"},"schema":{"@context":"https:\/\/schema.org","@graph":[{"@type":"WebPage","@id":"https:\/\/blog-formation-apprentissage-construction-batiment.fr\/index.php\/offre-dapprentissage-apprenti-menuisier\/","url":"https:\/\/blog-formation-apprentissage-construction-batiment.fr\/index.php\/offre-dapprentissage-apprenti-menuisier\/","name":"Offre d'apprentissage : APPRENTI MENUISIER - Blog formation apprentissage construction b\u00e2timent aquitaine","isPartOf":{"@id":"https:\/\/blog-formation-apprentissage-construction-batiment.fr\/#website"},"datePublished":"2020-12-07T12:21:52+00:00","dateModified":"2020-12-07T12:21:53+00:00","breadcrumb":{"@id":"https:\/\/blog-formation-apprentissage-construction-batiment.fr\/index.php\/offre-dapprentissage-apprenti-menuisier\/#breadcrumb"},"inLanguage":"fr-FR","potentialAction":[{"@type":"ReadAction","target":["https:\/\/blog-formation-apprentissage-construction-batiment.fr\/index.php\/offre-dapprentissage-apprenti-menuisier\/"]}]},{"@type":"BreadcrumbList","@id":"https:\/\/blog-formation-apprentissage-construction-batiment.fr\/index.php\/offre-dapprentissage-apprenti-menuisier\/#breadcrumb","itemListElement":[{"@type":"ListItem","position":1,"name":"Accueil","item":"https:\/\/blog-formation-apprentissage-construction-batiment.fr\/"},{"@type":"ListItem","position":2,"name":"Offre d&rsquo;apprentissage : APPRENTI MENUISIER"}]},{"@type":"WebSite","@id":"https:\/\/blog-formation-apprentissage-construction-batiment.fr\/#website","url":"https:\/\/blog-formation-apprentissage-construction-batiment.fr\/","name":"Blog formation apprentissage construction b\u00e2timent aquitaine","description":"trouvez votre formation apprentissage dans les m\u00e9tiers du b\u00e2timent en Nouvelle-Aquitaine","publisher":{"@id":"https:\/\/blog-formation-apprentissage-construction-batiment.fr\/#organization"},"potentialAction":[{"@type":"SearchAction","target":{"@type":"EntryPoint","urlTemplate":"https:\/\/blog-formation-apprentissage-construction-batiment.fr\/?s={search_term_string}"},"query-input":{"@type":"PropertyValueSpecification","valueRequired":true,"valueName":"search_term_string"}}],"inLanguage":"fr-FR"},{"@type":"Organization","@id":"https:\/\/blog-formation-apprentissage-construction-batiment.fr\/#organization","name":"Blog formation apprentissage construction b\u00e2timent aquitaine","url":"https:\/\/blog-formation-apprentissage-construction-batiment.fr\/","logo":{"@type":"ImageObject","inLanguage":"fr-FR","@id":"https:\/\/blog-formation-apprentissage-construction-batiment.fr\/#\/schema\/logo\/image\/","url":"https:\/\/blog-formation-apprentissage-construction-batiment.fr\/wp-content\/uploads\/2019\/12\/LOGO-apprentissage-et-formation-batiment-construction-5.png","contentUrl":"https:\/\/blog-formation-apprentissage-construction-batiment.fr\/wp-content\/uploads\/2019\/12\/LOGO-apprentissage-et-formation-batiment-construction-5.png","width":736,"height":317,"caption":"Blog formation apprentissage construction b\u00e2timent aquitaine"},"image":{"@id":"https:\/\/blog-formation-apprentissage-construction-batiment.fr\/#\/schema\/logo\/image\/"}}]}},"_links":{"self":[{"href":"https:\/\/blog-formation-apprentissage-construction-batiment.fr\/index.php\/wp-json\/wp\/v2\/pages\/700","targetHints":{"allow":["GET"]}}],"collection":[{"href":"https:\/\/blog-formation-apprentissage-construction-batiment.fr\/index.php\/wp-json\/wp\/v2\/pages"}],"about":[{"href":"https:\/\/blog-formation-apprentissage-construction-batiment.fr\/index.php\/wp-json\/wp\/v2\/types\/page"}],"author":[{"embeddable":true,"href":"https:\/\/blog-formation-apprentissage-construction-batiment.fr\/index.php\/wp-json\/wp\/v2\/users\/1"}],"replies":[{"embeddable":true,"href":"https:\/\/blog-formation-apprentissage-construction-batiment.fr\/index.php\/wp-json\/wp\/v2\/comments?post=700"}],"version-history":[{"count":1,"href":"https:\/\/blog-formation-apprentissage-construction-batiment.fr\/index.php\/wp-json\/wp\/v2\/pages\/700\/revisions"}],"predecessor-version":[{"id":701,"href":"https:\/\/blog-formation-apprentissage-construction-batiment.fr\/index.php\/wp-json\/wp\/v2\/pages\/700\/revisions\/701"}],"wp:attachment":[{"href":"https:\/\/blog-formation-apprentissage-construction-batiment.fr\/index.php\/wp-json\/wp\/v2\/media?parent=700"}],"curies":[{"name":"wp","href":"https:\/\/api.w.org\/{rel}","templated":true}]}}