{"id":671,"date":"2020-07-02T11:59:07","date_gmt":"2020-07-02T09:59:07","guid":{"rendered":"http:\/\/blog-formation-apprentissage-construction-batiment-nv-aquitaine.fr\/?page_id=671"},"modified":"2020-07-02T12:03:17","modified_gmt":"2020-07-02T10:03:17","slug":"conducteur-de-travaux-menuiserie-h-fref-155124","status":"publish","type":"page","link":"https:\/\/blog-formation-apprentissage-construction-batiment.fr\/index.php\/conducteur-de-travaux-menuiserie-h-fref-155124\/","title":{"rendered":"CONDUCTEUR DE TRAVAUX MENUISERIE H\/FR\u00c9F. 155124"},"content":{"rendered":"[vc_row][vc_column][vc_column_text]<!-- \/wp:post-content --><\/p>\n<!-- wp:heading {\"level\":4} -->\n<h4>DESCRIPTION DU POSTE<\/h4>\n<p>Gu\u00e9ret (23)<\/p>\n<!-- \/wp:heading -->\n<p><!-- wp:paragraph -->Le GEIQ BTP 23 recrute pour l&rsquo;un de ses adh\u00e9rent un conducteur de travaux dans le domaine de la menuiserie\u00a0(H\/F) en contrat en alternance pour de la conduite de travaux.\u00a0<\/p>\n<!-- \/wp:paragraph -->\n<p><!-- wp:paragraph -->Le poste est situ\u00e9 en Creuse (23).<\/p>\n<!-- \/wp:paragraph -->\n<p><!-- wp:paragraph -->L&rsquo;entreprise adh\u00e9rente est connue et reconnue. Il s&rsquo;agit d&rsquo;une entreprise sp\u00e9cialis\u00e9e dans la\u00a0fabrication et l&rsquo;agencement.<\/p>\n<!-- \/wp:paragraph -->\n<p><!-- wp:paragraph -->Le GEiQ BTP vous accompagnera dans votre mobilit\u00e9 et votre h\u00e9bergement.<\/p>\n<!-- \/wp:paragraph -->\n<!-- wp:paragraph \/-->\n<p><!-- wp:paragraph -->Pour postuler : suivez le lien : <a href=\"https:\/\/emploi.nouvelleaquitaine.construction\/offre\/menuisier-agencement\">https:\/\/emploi.nouvelleaquitaine.construction\/offre\/menuisier-agencement<\/a><\/p>\n<!-- \/wp:paragraph -->\n<!-- wp:paragraph \/-->\n<p>&nbsp;<\/p>\n[\/vc_column_text][\/vc_column][\/vc_row]\n","protected":false},"excerpt":{"rendered":"<p>[vc_row][vc_column][vc_column_text] DESCRIPTION DU POSTE Gu\u00e9ret (23) Le GEIQ BTP 23 recrute pour l&rsquo;un de ses adh\u00e9rent un conducteur de travaux dans le domaine de la menuiserie\u00a0(H\/F) en contrat en alternance pour de la conduite de travaux.\u00a0 Le poste est situ\u00e9&hellip;<\/p>\n","protected":false},"author":1,"featured_media":0,"parent":0,"menu_order":0,"comment_status":"closed","ping_status":"closed","template":"","meta":{"footnotes":""},"class_list":["post-671","page","type-page","status-publish","hentry","entry","no-media"],"yoast_head":"<!-- This site is optimized with the Yoast SEO plugin v25.3 - https:\/\/yoast.com\/wordpress\/plugins\/seo\/ -->\n<title>CONDUCTEUR DE TRAVAUX MENUISERIE H\/FR\u00c9F. 155124 - Blog formation apprentissage construction b\u00e2timent aquitaine<\/title>\n<meta name=\"robots\" content=\"index, follow, max-snippet:-1, max-image-preview:large, max-video-preview:-1\" \/>\n<link rel=\"canonical\" href=\"https:\/\/blog-formation-apprentissage-construction-batiment.fr\/index.php\/conducteur-de-travaux-menuiserie-h-fref-155124\/\" \/>\n<meta property=\"og:locale\" content=\"fr_FR\" \/>\n<meta property=\"og:type\" content=\"article\" \/>\n<meta property=\"og:title\" content=\"CONDUCTEUR DE TRAVAUX MENUISERIE H\/FR\u00c9F. 155124 - Blog formation apprentissage construction b\u00e2timent aquitaine\" \/>\n<meta property=\"og:description\" content=\"[vc_row][vc_column][vc_column_text] DESCRIPTION DU POSTE Gu\u00e9ret (23) Le GEIQ BTP 23 recrute pour l&rsquo;un de ses adh\u00e9rent un conducteur de travaux dans le domaine de la menuiserie\u00a0(H\/F) en contrat en alternance pour de la conduite de travaux.\u00a0 Le poste est situ\u00e9&hellip;\" \/>\n<meta property=\"og:url\" content=\"https:\/\/blog-formation-apprentissage-construction-batiment.fr\/index.php\/conducteur-de-travaux-menuiserie-h-fref-155124\/\" \/>\n<meta property=\"og:site_name\" content=\"Blog formation apprentissage construction b\u00e2timent aquitaine\" \/>\n<meta property=\"article:modified_time\" content=\"2020-07-02T10:03:17+00:00\" \/>\n<meta name=\"twitter:card\" content=\"summary_large_image\" \/>\n<meta name=\"twitter:label1\" content=\"Dur\u00e9e de lecture estim\u00e9e\" \/>\n\t<meta name=\"twitter:data1\" content=\"1 minute\" \/>\n<script type=\"application\/ld+json\" class=\"yoast-schema-graph\">{\"@context\":\"https:\/\/schema.org\",\"@graph\":[{\"@type\":\"WebPage\",\"@id\":\"https:\/\/blog-formation-apprentissage-construction-batiment.fr\/index.php\/conducteur-de-travaux-menuiserie-h-fref-155124\/\",\"url\":\"https:\/\/blog-formation-apprentissage-construction-batiment.fr\/index.php\/conducteur-de-travaux-menuiserie-h-fref-155124\/\",\"name\":\"CONDUCTEUR DE TRAVAUX MENUISERIE H\/FR\u00c9F. 155124 - Blog formation apprentissage construction b\u00e2timent aquitaine\",\"isPartOf\":{\"@id\":\"https:\/\/blog-formation-apprentissage-construction-batiment.fr\/#website\"},\"datePublished\":\"2020-07-02T09:59:07+00:00\",\"dateModified\":\"2020-07-02T10:03:17+00:00\",\"breadcrumb\":{\"@id\":\"https:\/\/blog-formation-apprentissage-construction-batiment.fr\/index.php\/conducteur-de-travaux-menuiserie-h-fref-155124\/#breadcrumb\"},\"inLanguage\":\"fr-FR\",\"potentialAction\":[{\"@type\":\"ReadAction\",\"target\":[\"https:\/\/blog-formation-apprentissage-construction-batiment.fr\/index.php\/conducteur-de-travaux-menuiserie-h-fref-155124\/\"]}]},{\"@type\":\"BreadcrumbList\",\"@id\":\"https:\/\/blog-formation-apprentissage-construction-batiment.fr\/index.php\/conducteur-de-travaux-menuiserie-h-fref-155124\/#breadcrumb\",\"itemListElement\":[{\"@type\":\"ListItem\",\"position\":1,\"name\":\"Accueil\",\"item\":\"https:\/\/blog-formation-apprentissage-construction-batiment.fr\/\"},{\"@type\":\"ListItem\",\"position\":2,\"name\":\"CONDUCTEUR DE TRAVAUX MENUISERIE H\/FR\u00c9F. 155124\"}]},{\"@type\":\"WebSite\",\"@id\":\"https:\/\/blog-formation-apprentissage-construction-batiment.fr\/#website\",\"url\":\"https:\/\/blog-formation-apprentissage-construction-batiment.fr\/\",\"name\":\"Blog formation apprentissage construction b\u00e2timent aquitaine\",\"description\":\"trouvez votre formation apprentissage dans les m\u00e9tiers du b\u00e2timent en Nouvelle-Aquitaine\",\"publisher\":{\"@id\":\"https:\/\/blog-formation-apprentissage-construction-batiment.fr\/#organization\"},\"potentialAction\":[{\"@type\":\"SearchAction\",\"target\":{\"@type\":\"EntryPoint\",\"urlTemplate\":\"https:\/\/blog-formation-apprentissage-construction-batiment.fr\/?s={search_term_string}\"},\"query-input\":{\"@type\":\"PropertyValueSpecification\",\"valueRequired\":true,\"valueName\":\"search_term_string\"}}],\"inLanguage\":\"fr-FR\"},{\"@type\":\"Organization\",\"@id\":\"https:\/\/blog-formation-apprentissage-construction-batiment.fr\/#organization\",\"name\":\"Blog formation apprentissage construction b\u00e2timent aquitaine\",\"url\":\"https:\/\/blog-formation-apprentissage-construction-batiment.fr\/\",\"logo\":{\"@type\":\"ImageObject\",\"inLanguage\":\"fr-FR\",\"@id\":\"https:\/\/blog-formation-apprentissage-construction-batiment.fr\/#\/schema\/logo\/image\/\",\"url\":\"https:\/\/blog-formation-apprentissage-construction-batiment.fr\/wp-content\/uploads\/2019\/12\/LOGO-apprentissage-et-formation-batiment-construction-5.png\",\"contentUrl\":\"https:\/\/blog-formation-apprentissage-construction-batiment.fr\/wp-content\/uploads\/2019\/12\/LOGO-apprentissage-et-formation-batiment-construction-5.png\",\"width\":736,\"height\":317,\"caption\":\"Blog formation apprentissage construction b\u00e2timent aquitaine\"},\"image\":{\"@id\":\"https:\/\/blog-formation-apprentissage-construction-batiment.fr\/#\/schema\/logo\/image\/\"}}]}<\/script>\n<!-- \/ Yoast SEO plugin. -->","yoast_head_json":{"title":"CONDUCTEUR DE TRAVAUX MENUISERIE H\/FR\u00c9F. 155124 - Blog formation apprentissage construction b\u00e2timent aquitaine","robots":{"index":"index","follow":"follow","max-snippet":"max-snippet:-1","max-image-preview":"max-image-preview:large","max-video-preview":"max-video-preview:-1"},"canonical":"https:\/\/blog-formation-apprentissage-construction-batiment.fr\/index.php\/conducteur-de-travaux-menuiserie-h-fref-155124\/","og_locale":"fr_FR","og_type":"article","og_title":"CONDUCTEUR DE TRAVAUX MENUISERIE H\/FR\u00c9F. 155124 - Blog formation apprentissage construction b\u00e2timent aquitaine","og_description":"[vc_row][vc_column][vc_column_text] DESCRIPTION DU POSTE Gu\u00e9ret (23) Le GEIQ BTP 23 recrute pour l&rsquo;un de ses adh\u00e9rent un conducteur de travaux dans le domaine de la menuiserie\u00a0(H\/F) en contrat en alternance pour de la conduite de travaux.\u00a0 Le poste est situ\u00e9&hellip;","og_url":"https:\/\/blog-formation-apprentissage-construction-batiment.fr\/index.php\/conducteur-de-travaux-menuiserie-h-fref-155124\/","og_site_name":"Blog formation apprentissage construction b\u00e2timent aquitaine","article_modified_time":"2020-07-02T10:03:17+00:00","twitter_card":"summary_large_image","twitter_misc":{"Dur\u00e9e de lecture estim\u00e9e":"1 minute"},"schema":{"@context":"https:\/\/schema.org","@graph":[{"@type":"WebPage","@id":"https:\/\/blog-formation-apprentissage-construction-batiment.fr\/index.php\/conducteur-de-travaux-menuiserie-h-fref-155124\/","url":"https:\/\/blog-formation-apprentissage-construction-batiment.fr\/index.php\/conducteur-de-travaux-menuiserie-h-fref-155124\/","name":"CONDUCTEUR DE TRAVAUX MENUISERIE H\/FR\u00c9F. 155124 - Blog formation apprentissage construction b\u00e2timent aquitaine","isPartOf":{"@id":"https:\/\/blog-formation-apprentissage-construction-batiment.fr\/#website"},"datePublished":"2020-07-02T09:59:07+00:00","dateModified":"2020-07-02T10:03:17+00:00","breadcrumb":{"@id":"https:\/\/blog-formation-apprentissage-construction-batiment.fr\/index.php\/conducteur-de-travaux-menuiserie-h-fref-155124\/#breadcrumb"},"inLanguage":"fr-FR","potentialAction":[{"@type":"ReadAction","target":["https:\/\/blog-formation-apprentissage-construction-batiment.fr\/index.php\/conducteur-de-travaux-menuiserie-h-fref-155124\/"]}]},{"@type":"BreadcrumbList","@id":"https:\/\/blog-formation-apprentissage-construction-batiment.fr\/index.php\/conducteur-de-travaux-menuiserie-h-fref-155124\/#breadcrumb","itemListElement":[{"@type":"ListItem","position":1,"name":"Accueil","item":"https:\/\/blog-formation-apprentissage-construction-batiment.fr\/"},{"@type":"ListItem","position":2,"name":"CONDUCTEUR DE TRAVAUX MENUISERIE H\/FR\u00c9F. 155124"}]},{"@type":"WebSite","@id":"https:\/\/blog-formation-apprentissage-construction-batiment.fr\/#website","url":"https:\/\/blog-formation-apprentissage-construction-batiment.fr\/","name":"Blog formation apprentissage construction b\u00e2timent aquitaine","description":"trouvez votre formation apprentissage dans les m\u00e9tiers du b\u00e2timent en Nouvelle-Aquitaine","publisher":{"@id":"https:\/\/blog-formation-apprentissage-construction-batiment.fr\/#organization"},"potentialAction":[{"@type":"SearchAction","target":{"@type":"EntryPoint","urlTemplate":"https:\/\/blog-formation-apprentissage-construction-batiment.fr\/?s={search_term_string}"},"query-input":{"@type":"PropertyValueSpecification","valueRequired":true,"valueName":"search_term_string"}}],"inLanguage":"fr-FR"},{"@type":"Organization","@id":"https:\/\/blog-formation-apprentissage-construction-batiment.fr\/#organization","name":"Blog formation apprentissage construction b\u00e2timent aquitaine","url":"https:\/\/blog-formation-apprentissage-construction-batiment.fr\/","logo":{"@type":"ImageObject","inLanguage":"fr-FR","@id":"https:\/\/blog-formation-apprentissage-construction-batiment.fr\/#\/schema\/logo\/image\/","url":"https:\/\/blog-formation-apprentissage-construction-batiment.fr\/wp-content\/uploads\/2019\/12\/LOGO-apprentissage-et-formation-batiment-construction-5.png","contentUrl":"https:\/\/blog-formation-apprentissage-construction-batiment.fr\/wp-content\/uploads\/2019\/12\/LOGO-apprentissage-et-formation-batiment-construction-5.png","width":736,"height":317,"caption":"Blog formation apprentissage construction b\u00e2timent aquitaine"},"image":{"@id":"https:\/\/blog-formation-apprentissage-construction-batiment.fr\/#\/schema\/logo\/image\/"}}]}},"_links":{"self":[{"href":"https:\/\/blog-formation-apprentissage-construction-batiment.fr\/index.php\/wp-json\/wp\/v2\/pages\/671","targetHints":{"allow":["GET"]}}],"collection":[{"href":"https:\/\/blog-formation-apprentissage-construction-batiment.fr\/index.php\/wp-json\/wp\/v2\/pages"}],"about":[{"href":"https:\/\/blog-formation-apprentissage-construction-batiment.fr\/index.php\/wp-json\/wp\/v2\/types\/page"}],"author":[{"embeddable":true,"href":"https:\/\/blog-formation-apprentissage-construction-batiment.fr\/index.php\/wp-json\/wp\/v2\/users\/1"}],"replies":[{"embeddable":true,"href":"https:\/\/blog-formation-apprentissage-construction-batiment.fr\/index.php\/wp-json\/wp\/v2\/comments?post=671"}],"version-history":[{"count":3,"href":"https:\/\/blog-formation-apprentissage-construction-batiment.fr\/index.php\/wp-json\/wp\/v2\/pages\/671\/revisions"}],"predecessor-version":[{"id":675,"href":"https:\/\/blog-formation-apprentissage-construction-batiment.fr\/index.php\/wp-json\/wp\/v2\/pages\/671\/revisions\/675"}],"wp:attachment":[{"href":"https:\/\/blog-formation-apprentissage-construction-batiment.fr\/index.php\/wp-json\/wp\/v2\/media?parent=671"}],"curies":[{"name":"wp","href":"https:\/\/api.w.org\/{rel}","templated":true}]}}