{"id":658,"date":"2020-06-25T12:51:51","date_gmt":"2020-06-25T10:51:51","guid":{"rendered":"http:\/\/blog-formation-apprentissage-construction-batiment-nv-aquitaine.fr\/?page_id=658"},"modified":"2024-03-14T16:41:52","modified_gmt":"2024-03-14T15:41:52","slug":"les-offres-de-contrat","status":"publish","type":"page","link":"https:\/\/blog-formation-apprentissage-construction-batiment.fr\/index.php\/les-offres-de-contrat\/","title":{"rendered":"Les offres de contrat"},"content":{"rendered":"[vc_row][vc_column][vc_column_text]\n<h1>Offres \u00e0 la une :<\/h1>\n<h2>Contrat d&rsquo;apprentissage \/ Contrat de professionnalisation \/ Stages en b\u00e2timent et en construction :<\/h2>\n<p>Cette rubrique du blog est cr\u00e9\u00e9e pour mettre en avant certaines offres de contrat d&rsquo;apprentissage, de contrat de professionnalisation et de stages en b\u00e2timent et en construction en r\u00e9gion Nouvelle-Aquitaine. Pour d\u00e9couvrir plus d&rsquo;offres tout en affinant vos recherches par r\u00e9gion et par m\u00e9tier nous vous invitons \u00e0 vous rendre directement sur la plateforme des m\u00e9tiers du b\u00e2timent : <a href=\"https:\/\/emploi.nouvelleaquitaine.construction\/\">https:\/\/emploi.nouvelleaquitaine.construction\/<\/a><\/p>\n<p>&nbsp;<\/p>\n<h2>Les offres d&rsquo;apprentissage r\u00e9cemment parues sur le site <a href=\"https:\/\/emploi.nouvelleaquitaine.construction\/\">\u00a0emploi.nouvelleaquitaine.construction<\/a><\/h2>\n<p>&nbsp;<\/p>\n<p><a href=\"https:\/\/emploi.nouvelleaquitaine.construction\/offre\/apprenti-macon\">Apprenti Ma\u00e7on | FFB Emploi Nouvelle Aquitaine\u00a0<\/a>Malemort-sur-Corr\u00e8ze (19)<\/p>\n<p><a href=\"https:\/\/emploi.nouvelleaquitaine.construction\/offre\/alternance-assistant-e-ressources-humaines-ou-gestion-administrative-h-f\">Contrat d&rsquo;apprentissage : Alternance assistan(e) RH ou Gestion administrative <\/a>Courlay (79)<\/p>\n<p><a href=\"https:\/\/emploi.nouvelleaquitaine.construction\/offre\/apprenti-macon\">APPRENTISSAGE ma\u00e7on\u00a0<\/a><\/p>\n<p><a href=\"https:\/\/emploi.nouvelleaquitaine.construction\/offre\/apprenti-macon\">Contrat d&rsquo;apprentissage : APPRENTI MA\u00c7ON \u00e0 Malemort-sur-Corr\u00e8ze (19)<\/a><\/p>\n<p><a href=\"https:\/\/emploi.nouvelleaquitaine.construction\/offre\/assistante-de-direction\">Contrat d&rsquo;apprentissage : ASSISTANTE DE DIRECTION \u00e0 Biarritz (64)<\/a><\/p>\n<p><a href=\"https:\/\/emploi.nouvelleaquitaine.construction\/offre\/contrat-dapprentissage-cap-ou-bp-macon\">CONTRAT D\u2019APPRENTISSAGE CAP OU BP &#8211; MA\u00c7ON<\/a><\/p>\n<p><a href=\"https:\/\/emploi.nouvelleaquitaine.construction\/offre\/charpentier-en-alternance-f-h\">CHARPENTIER EN ALTERNANCE F\/H<\/a><\/p>\n<p><a href=\"https:\/\/emploi.nouvelleaquitaine.construction\/offre\/apprenti-menuisier-1\">Offre d&rsquo;apprentissage : APPRENTI MENUISIER<\/a><\/p>\n<p>Offre d&rsquo;apprentissage : DESSINATEUR\/METREUR<\/p>\n<p><a href=\"http:\/\/blog-formation-apprentissage-construction-batiment-nv-aquitaine.fr\/index.php\/offre-dapprentissage-apprenti-menuisier\/\">Offre d&rsquo;apprentissage : APPRENTI MENUISIER<\/a><\/p>\n<p><a href=\"http:\/\/blog-formation-apprentissage-construction-batiment-nv-aquitaine.fr\/index.php\/offres-d-apprentissage-macon\/\">Offres d&rsquo;apprentissage : ma\u00e7on<\/a><\/p>\n<p><a href=\"http:\/\/blog-formation-apprentissage-construction-batiment-nv-aquitaine.fr\/index.php\/offres-dapprentissage-electricien\/\">Offres d&rsquo;apprentissage : \u00e9lectricien<\/a><\/p>\n<p><a href=\"http:\/\/blog-formation-apprentissage-construction-batiment-nv-aquitaine.fr\/index.php\/conducteur-de-travaux-menuiserie-h-fref-155124\/\">Offres d&rsquo;apprentissage : Conducteur de travaux<\/a><\/p>\n<p><a href=\"http:\/\/blog-formation-apprentissage-construction-batiment-nv-aquitaine.fr\/index.php\/charge-daffaires-etudes-et-realisationref-641920\/\">Offres d&rsquo;apprentissage : Charg\u00e9 d&rsquo;affaires \u00e9tudes et r\u00e9alisation<\/a><\/p>\n<p>&nbsp;<\/p>\n<h2>Les offres de contrat de professionnalisation r\u00e9cemment parues sur le site : emploi.nouvelleaquitaine.construction<\/h2>\n<p style=\"background: white;\"><a href=\"https:\/\/emploi.nouvelleaquitaine.construction\/offre\/couvreur-10\"><span style=\"font-size: 11.5pt; font-family: Montserrat; color: #606363;\">contrat de professionnalisation permettant de valider un titre professionnel couvreur-zingueur.\u00a0 \u00a0<\/span><\/a> <span style=\"font-size: 11.5pt; font-family: Montserrat; color: #606363;\">Formation th\u00e9orique : Libourne <\/span><span style=\"font-size: 11.5pt; font-family: Montserrat; color: #606363;\">Formation pratique : Cavignac<\/span><\/p>\n<p style=\"background: white;\"><strong><span style=\"font-size: 11.5pt; font-family: Montserrat; color: #606363;\"><a href=\"https:\/\/emploi.nouvelleaquitaine.construction\/offre\/canalisateur\">Contrat de professionnalisation visant le Titre professionnel Canalistateur.<\/a>\u00a0 <\/span><\/strong><span style=\"font-size: 11.5pt; font-family: Montserrat; color: #606363;\">Formation t\u00e9horique : St Jean d&rsquo;Illac <\/span><span style=\"font-size: 11.5pt; font-family: Montserrat; color: #606363;\">Formation pratique : Libourne<\/span><\/p>\n<p><a href=\"https:\/\/emploi.nouvelleaquitaine.construction\/offre\/stage-6-mois-en-ressources-humaines-agence-demploi-randstad\">STAGE 6 MOIS EN RESSOURCES HUMAINES AGENCE D&rsquo;EMPLOI RANDSTAD<\/a><\/p>\n<p><a href=\"https:\/\/emploi.nouvelleaquitaine.construction\/offre\/apprenti-macon\">apprenti ma\u00e7on Malemort-sur-Corr\u00e8ze (19)<\/a><\/p>\n<p>Apprenti menuisier<\/p>\n<p><a href=\"http:\/\/blog-formation-apprentissage-construction-batiment-nv-aquitaine.fr\/index.php\/couvreur-h-fref-673588\/\">Contrat de professionnalisation : Couvreur<\/a>[\/vc_column_text][\/vc_column][\/vc_row]\n","protected":false},"excerpt":{"rendered":"<p>[vc_row][vc_column][vc_column_text] Offres \u00e0 la une : Contrat d&rsquo;apprentissage \/ Contrat de professionnalisation \/ Stages en b\u00e2timent et en construction : Cette rubrique du blog est cr\u00e9\u00e9e pour mettre en avant certaines offres de contrat d&rsquo;apprentissage, de contrat de professionnalisation et&hellip;<\/p>\n","protected":false},"author":1,"featured_media":0,"parent":0,"menu_order":0,"comment_status":"closed","ping_status":"closed","template":"","meta":{"footnotes":""},"class_list":["post-658","page","type-page","status-publish","hentry","entry","no-media"],"yoast_head":"<!-- This site is optimized with the Yoast SEO plugin v25.3 - https:\/\/yoast.com\/wordpress\/plugins\/seo\/ -->\n<title>Les offres de contrat - Blog formation apprentissage construction b\u00e2timent aquitaine<\/title>\n<meta name=\"robots\" content=\"index, follow, max-snippet:-1, max-image-preview:large, max-video-preview:-1\" \/>\n<link rel=\"canonical\" href=\"https:\/\/blog-formation-apprentissage-construction-batiment.fr\/index.php\/les-offres-de-contrat\/\" \/>\n<meta property=\"og:locale\" content=\"fr_FR\" \/>\n<meta property=\"og:type\" content=\"article\" \/>\n<meta property=\"og:title\" content=\"Les offres de contrat - Blog formation apprentissage construction b\u00e2timent aquitaine\" \/>\n<meta property=\"og:description\" content=\"[vc_row][vc_column][vc_column_text] Offres \u00e0 la une : Contrat d&rsquo;apprentissage \/ Contrat de professionnalisation \/ Stages en b\u00e2timent et en construction : Cette rubrique du blog est cr\u00e9\u00e9e pour mettre en avant certaines offres de contrat d&rsquo;apprentissage, de contrat de professionnalisation et&hellip;\" \/>\n<meta property=\"og:url\" content=\"https:\/\/blog-formation-apprentissage-construction-batiment.fr\/index.php\/les-offres-de-contrat\/\" \/>\n<meta property=\"og:site_name\" content=\"Blog formation apprentissage construction b\u00e2timent aquitaine\" \/>\n<meta property=\"article:modified_time\" content=\"2024-03-14T15:41:52+00:00\" \/>\n<meta name=\"twitter:card\" content=\"summary_large_image\" \/>\n<meta name=\"twitter:label1\" content=\"Dur\u00e9e de lecture estim\u00e9e\" \/>\n\t<meta name=\"twitter:data1\" content=\"1 minute\" \/>\n<script type=\"application\/ld+json\" class=\"yoast-schema-graph\">{\"@context\":\"https:\/\/schema.org\",\"@graph\":[{\"@type\":\"WebPage\",\"@id\":\"https:\/\/blog-formation-apprentissage-construction-batiment.fr\/index.php\/les-offres-de-contrat\/\",\"url\":\"https:\/\/blog-formation-apprentissage-construction-batiment.fr\/index.php\/les-offres-de-contrat\/\",\"name\":\"Les offres de contrat - Blog formation apprentissage construction b\u00e2timent aquitaine\",\"isPartOf\":{\"@id\":\"https:\/\/blog-formation-apprentissage-construction-batiment.fr\/#website\"},\"datePublished\":\"2020-06-25T10:51:51+00:00\",\"dateModified\":\"2024-03-14T15:41:52+00:00\",\"breadcrumb\":{\"@id\":\"https:\/\/blog-formation-apprentissage-construction-batiment.fr\/index.php\/les-offres-de-contrat\/#breadcrumb\"},\"inLanguage\":\"fr-FR\",\"potentialAction\":[{\"@type\":\"ReadAction\",\"target\":[\"https:\/\/blog-formation-apprentissage-construction-batiment.fr\/index.php\/les-offres-de-contrat\/\"]}]},{\"@type\":\"BreadcrumbList\",\"@id\":\"https:\/\/blog-formation-apprentissage-construction-batiment.fr\/index.php\/les-offres-de-contrat\/#breadcrumb\",\"itemListElement\":[{\"@type\":\"ListItem\",\"position\":1,\"name\":\"Accueil\",\"item\":\"https:\/\/blog-formation-apprentissage-construction-batiment.fr\/\"},{\"@type\":\"ListItem\",\"position\":2,\"name\":\"Les offres de contrat\"}]},{\"@type\":\"WebSite\",\"@id\":\"https:\/\/blog-formation-apprentissage-construction-batiment.fr\/#website\",\"url\":\"https:\/\/blog-formation-apprentissage-construction-batiment.fr\/\",\"name\":\"Blog formation apprentissage construction b\u00e2timent aquitaine\",\"description\":\"trouvez votre formation apprentissage dans les m\u00e9tiers du b\u00e2timent en Nouvelle-Aquitaine\",\"publisher\":{\"@id\":\"https:\/\/blog-formation-apprentissage-construction-batiment.fr\/#organization\"},\"potentialAction\":[{\"@type\":\"SearchAction\",\"target\":{\"@type\":\"EntryPoint\",\"urlTemplate\":\"https:\/\/blog-formation-apprentissage-construction-batiment.fr\/?s={search_term_string}\"},\"query-input\":{\"@type\":\"PropertyValueSpecification\",\"valueRequired\":true,\"valueName\":\"search_term_string\"}}],\"inLanguage\":\"fr-FR\"},{\"@type\":\"Organization\",\"@id\":\"https:\/\/blog-formation-apprentissage-construction-batiment.fr\/#organization\",\"name\":\"Blog formation apprentissage construction b\u00e2timent aquitaine\",\"url\":\"https:\/\/blog-formation-apprentissage-construction-batiment.fr\/\",\"logo\":{\"@type\":\"ImageObject\",\"inLanguage\":\"fr-FR\",\"@id\":\"https:\/\/blog-formation-apprentissage-construction-batiment.fr\/#\/schema\/logo\/image\/\",\"url\":\"https:\/\/blog-formation-apprentissage-construction-batiment.fr\/wp-content\/uploads\/2019\/12\/LOGO-apprentissage-et-formation-batiment-construction-5.png\",\"contentUrl\":\"https:\/\/blog-formation-apprentissage-construction-batiment.fr\/wp-content\/uploads\/2019\/12\/LOGO-apprentissage-et-formation-batiment-construction-5.png\",\"width\":736,\"height\":317,\"caption\":\"Blog formation apprentissage construction b\u00e2timent aquitaine\"},\"image\":{\"@id\":\"https:\/\/blog-formation-apprentissage-construction-batiment.fr\/#\/schema\/logo\/image\/\"}}]}<\/script>\n<!-- \/ Yoast SEO plugin. -->","yoast_head_json":{"title":"Les offres de contrat - Blog formation apprentissage construction b\u00e2timent aquitaine","robots":{"index":"index","follow":"follow","max-snippet":"max-snippet:-1","max-image-preview":"max-image-preview:large","max-video-preview":"max-video-preview:-1"},"canonical":"https:\/\/blog-formation-apprentissage-construction-batiment.fr\/index.php\/les-offres-de-contrat\/","og_locale":"fr_FR","og_type":"article","og_title":"Les offres de contrat - Blog formation apprentissage construction b\u00e2timent aquitaine","og_description":"[vc_row][vc_column][vc_column_text] Offres \u00e0 la une : Contrat d&rsquo;apprentissage \/ Contrat de professionnalisation \/ Stages en b\u00e2timent et en construction : Cette rubrique du blog est cr\u00e9\u00e9e pour mettre en avant certaines offres de contrat d&rsquo;apprentissage, de contrat de professionnalisation et&hellip;","og_url":"https:\/\/blog-formation-apprentissage-construction-batiment.fr\/index.php\/les-offres-de-contrat\/","og_site_name":"Blog formation apprentissage construction b\u00e2timent aquitaine","article_modified_time":"2024-03-14T15:41:52+00:00","twitter_card":"summary_large_image","twitter_misc":{"Dur\u00e9e de lecture estim\u00e9e":"1 minute"},"schema":{"@context":"https:\/\/schema.org","@graph":[{"@type":"WebPage","@id":"https:\/\/blog-formation-apprentissage-construction-batiment.fr\/index.php\/les-offres-de-contrat\/","url":"https:\/\/blog-formation-apprentissage-construction-batiment.fr\/index.php\/les-offres-de-contrat\/","name":"Les offres de contrat - Blog formation apprentissage construction b\u00e2timent aquitaine","isPartOf":{"@id":"https:\/\/blog-formation-apprentissage-construction-batiment.fr\/#website"},"datePublished":"2020-06-25T10:51:51+00:00","dateModified":"2024-03-14T15:41:52+00:00","breadcrumb":{"@id":"https:\/\/blog-formation-apprentissage-construction-batiment.fr\/index.php\/les-offres-de-contrat\/#breadcrumb"},"inLanguage":"fr-FR","potentialAction":[{"@type":"ReadAction","target":["https:\/\/blog-formation-apprentissage-construction-batiment.fr\/index.php\/les-offres-de-contrat\/"]}]},{"@type":"BreadcrumbList","@id":"https:\/\/blog-formation-apprentissage-construction-batiment.fr\/index.php\/les-offres-de-contrat\/#breadcrumb","itemListElement":[{"@type":"ListItem","position":1,"name":"Accueil","item":"https:\/\/blog-formation-apprentissage-construction-batiment.fr\/"},{"@type":"ListItem","position":2,"name":"Les offres de contrat"}]},{"@type":"WebSite","@id":"https:\/\/blog-formation-apprentissage-construction-batiment.fr\/#website","url":"https:\/\/blog-formation-apprentissage-construction-batiment.fr\/","name":"Blog formation apprentissage construction b\u00e2timent aquitaine","description":"trouvez votre formation apprentissage dans les m\u00e9tiers du b\u00e2timent en Nouvelle-Aquitaine","publisher":{"@id":"https:\/\/blog-formation-apprentissage-construction-batiment.fr\/#organization"},"potentialAction":[{"@type":"SearchAction","target":{"@type":"EntryPoint","urlTemplate":"https:\/\/blog-formation-apprentissage-construction-batiment.fr\/?s={search_term_string}"},"query-input":{"@type":"PropertyValueSpecification","valueRequired":true,"valueName":"search_term_string"}}],"inLanguage":"fr-FR"},{"@type":"Organization","@id":"https:\/\/blog-formation-apprentissage-construction-batiment.fr\/#organization","name":"Blog formation apprentissage construction b\u00e2timent aquitaine","url":"https:\/\/blog-formation-apprentissage-construction-batiment.fr\/","logo":{"@type":"ImageObject","inLanguage":"fr-FR","@id":"https:\/\/blog-formation-apprentissage-construction-batiment.fr\/#\/schema\/logo\/image\/","url":"https:\/\/blog-formation-apprentissage-construction-batiment.fr\/wp-content\/uploads\/2019\/12\/LOGO-apprentissage-et-formation-batiment-construction-5.png","contentUrl":"https:\/\/blog-formation-apprentissage-construction-batiment.fr\/wp-content\/uploads\/2019\/12\/LOGO-apprentissage-et-formation-batiment-construction-5.png","width":736,"height":317,"caption":"Blog formation apprentissage construction b\u00e2timent aquitaine"},"image":{"@id":"https:\/\/blog-formation-apprentissage-construction-batiment.fr\/#\/schema\/logo\/image\/"}}]}},"_links":{"self":[{"href":"https:\/\/blog-formation-apprentissage-construction-batiment.fr\/index.php\/wp-json\/wp\/v2\/pages\/658","targetHints":{"allow":["GET"]}}],"collection":[{"href":"https:\/\/blog-formation-apprentissage-construction-batiment.fr\/index.php\/wp-json\/wp\/v2\/pages"}],"about":[{"href":"https:\/\/blog-formation-apprentissage-construction-batiment.fr\/index.php\/wp-json\/wp\/v2\/types\/page"}],"author":[{"embeddable":true,"href":"https:\/\/blog-formation-apprentissage-construction-batiment.fr\/index.php\/wp-json\/wp\/v2\/users\/1"}],"replies":[{"embeddable":true,"href":"https:\/\/blog-formation-apprentissage-construction-batiment.fr\/index.php\/wp-json\/wp\/v2\/comments?post=658"}],"version-history":[{"count":21,"href":"https:\/\/blog-formation-apprentissage-construction-batiment.fr\/index.php\/wp-json\/wp\/v2\/pages\/658\/revisions"}],"predecessor-version":[{"id":830,"href":"https:\/\/blog-formation-apprentissage-construction-batiment.fr\/index.php\/wp-json\/wp\/v2\/pages\/658\/revisions\/830"}],"wp:attachment":[{"href":"https:\/\/blog-formation-apprentissage-construction-batiment.fr\/index.php\/wp-json\/wp\/v2\/media?parent=658"}],"curies":[{"name":"wp","href":"https:\/\/api.w.org\/{rel}","templated":true}]}}