{"id":547,"date":"2019-12-07T02:12:05","date_gmt":"2019-12-07T01:12:05","guid":{"rendered":"http:\/\/blog-formation-apprentissage-construction-batiment-nv-aquitaine.fr\/?page_id=547"},"modified":"2022-10-10T17:41:14","modified_gmt":"2022-10-10T15:41:14","slug":"couvreur","status":"publish","type":"page","link":"https:\/\/blog-formation-apprentissage-construction-batiment.fr\/index.php\/couvreur\/","title":{"rendered":"Couvreur"},"content":{"rendered":"[vc_row][vc_column][vc_column_text]\n<h2 class=\"wp-block-heading\">Le m\u00e9tier de couvreur en b\u00e2timent construction<\/h2>\n<p style=\"text-align: justify;\"><\/p>\n<p>Le couvreur r\u00e9alise ou r\u00e9pare les toitures des immeubles collectifs ou des maisons individuelles. Il intervient apr\u00e8s la mise en place de la charpente afin de permettre aux autres corps d\u2019\u00e9tat d\u2019achever leur travail \u00e0 l\u2019abri des intemp\u00e9ries. Le couvreur peut aussi effectuer la pose de l\u2019isolation thermique sous le toit, la mise en \u0153uvre de fen\u00eatres de toit ou l\u2019installation de capteurs solaires sur le rampant. Il peut \u00e9galement accomplir des travaux de restauration : clochers d\u2019\u00e9glises, d\u00f4mes de monuments historiques\u2026<\/p>\n<p style=\"text-align: justify;\"><\/p>\n<p>A partir d\u2019un plan, il pr\u00e9pare la surface \u00e0 couvrir. Il fixe sur la charpente les supports des mat\u00e9riaux de couverture : tuiles de terre cuite ou de b\u00e9ton, ardoises, aluminium, zinc, bardeaux\u2026. Il calcule au centim\u00e8tre pr\u00e8s la position des \u00e9l\u00e9ments de couverture l\u2019un sur l\u2019autre en fonction de la pente du toit. Il utilise des crampons, des crochets, des vis ou des clous pour fixer la couverture. Il scelle les mat\u00e9riaux et effectue des raccords \u00e0 l\u2019aide de mortier ciment, chaux et sable. Il assure \u00e9galement la pose de goutti\u00e8res, de lucarnes et des abergements de chemin\u00e9e. Tout cela, bien s\u00fbr, apr\u00e8s avoir pos\u00e9 des \u00e9chafaudages et les dispositifs de s\u00e9curit\u00e9 qui les accompagnent.<\/p>\n<div id=\"formations\" class=\"StyleSheet\">\n<h1 style=\"text-align: justify;\">FORMATIONS<\/h1>\n<div id=\"formation\" class=\"StyleSheet\" style=\"text-align: justify;\">\n<h2>Dipl\u00f4mes de l\u2019Education nationale<\/h2>\n<p>Ils se pr\u00e9parent principalement en formation initiale que ce soit par voie scolaire ou en apprentissage. Vous pouvez \u00e9galement les obtenir par Validation des Acquis de l\u2019Exp\u00e9rience (VAE).<\/p>\n<h4 class=\"sous_intertitre\">Pour devenir ouvrier professionnel<\/h4>\n<ul class=\"liste_puce\">\n<li>CAP Couvreur<\/li>\n<\/ul>\n<h4 class=\"sous_intertitre\">Pour devenir compagnon professionnel<\/h4>\n<ul class=\"liste_puce\">\n<li>BP Couvreur<\/li>\n<li>Bac Pro Intervention sur le patrimoine b\u00e2ti<\/li>\n<\/ul>\n<h4 class=\"sous_intertitre\">Pour devenir chef de chantier, conducteur de travaux ou technicien en bureau d\u2019\u00e9tudes<\/h4>\n<ul class=\"liste_puce\">\n<li>BTS Charpente Couverture<\/li>\n<\/ul>\n<\/div>\n<div id=\"formation\" class=\"StyleSheet\" style=\"text-align: justify;\">\n<h2>Titres Professionnels<\/h2>\n<p>Pour ceux qui ont quitt\u00e9 le syst\u00e8me \u00e9ducatif ou qui souhaitent se reconvertir, il est possible de pr\u00e9parer un Titre Professionnel du minist\u00e8re de l\u2019Emploi. La formation est essentiellement dispens\u00e9e dans des centres de l\u2019AFPA. Il existe des formations \u00e0 temps plein ou dans le cadre de contrats de professionnalisation. Il est possible \u00e9galement d\u2019obtenir les Titres Professionnels par la VAE.<\/p>\n<h4 class=\"sous_intertitre\">Pour devenir ouvrier professionnel<\/h4>\n<ul class=\"liste_puce\">\n<li>Couvreur zingueur<\/li>\n<\/ul>\n<h4 class=\"sous_intertitre\">Pour devenir chef de chantier conducteur de travaux ou technicien en bureau d\u2019\u00e9tudes<\/h4>\n<ul class=\"liste_puce\">\n<li>Technicien m\u00e9treur en charpente bois et couverture<\/li>\n<\/ul>\n<\/div>\n<div id=\"formation\" class=\"StyleSheet\">\n<h2 style=\"text-align: justify;\">CQP<\/h2>\n<p style=\"text-align: justify;\">Il s\u2019agit de formations mises en place par les partenaires sociaux du B\u00e2timent et des Travaux Publics. Il est possible d\u2019y acc\u00e9der apr\u00e8s une formation dans le cadre d\u2019un contrat de professionnalisation ou par la VAE.<\/p>\n<h4 class=\"sous_intertitre\" style=\"text-align: justify;\">Pour compl\u00e9ter sa formation de compagnon professionnel<\/h4>\n<ul class=\"liste_puce\" style=\"text-align: justify;\">\n<li>Installateur mainteneur en syst\u00e8mes solaires thermiques et photovolta\u00efques<\/li>\n<\/ul>\n<h4 class=\"sous_intertitre\" style=\"text-align: justify;\">Pour devenir technicien d\u2019\u00e9tudes et de chantier<\/h4>\n<ul class=\"liste_puce\">\n<li style=\"text-align: justify;\">Technicien d\u2019\u00e9tudes et de chantier en couverture<\/li>\n<\/ul>\n<\/div>\n<\/div>\n[\/vc_column_text][\/vc_column][\/vc_row][vc_row][vc_column width=\u00a0\u00bb1\/2&Prime;]<div class=\"vcex-module vcex-heading vcex-heading-plain\"><span class=\"vcex-heading-inner clr\">Photo du m\u00e9tier couvreur en b\u00e2timent construction<\/span><\/div>[vc_single_image image=\u00a0\u00bb599&Prime;][\/vc_column][vc_column width=\u00a0\u00bb1\/2&Prime;]<div class=\"vcex-module vcex-heading vcex-heading-plain\"><span class=\"vcex-heading-inner clr\">Vid\u00e9o du m\u00e9tier couvreur en b\u00e2timent construction<\/span><\/div>[vc_video link=\u00a0\u00bbhttps:\/\/youtu.be\/tuKrJeVF7AQ\u00a0\u00bb][\/vc_column][\/vc_row][vc_row][vc_column][vc_video link=\u00a0\u00bbhttps:\/\/www.youtube.com\/watch?v=w17hWmQ0RRA\u00a0\u00bb][\/vc_column][\/vc_row]\n","protected":false},"excerpt":{"rendered":"<p>[vc_row][vc_column][vc_column_text] Le m\u00e9tier de couvreur en b\u00e2timent construction Le couvreur r\u00e9alise ou r\u00e9pare les toitures des immeubles collectifs ou des maisons individuelles. Il intervient apr\u00e8s la mise en place de la charpente afin de permettre aux autres corps d\u2019\u00e9tat d\u2019achever&hellip;<\/p>\n","protected":false},"author":1,"featured_media":0,"parent":0,"menu_order":0,"comment_status":"closed","ping_status":"closed","template":"","meta":{"footnotes":""},"class_list":["post-547","page","type-page","status-publish","hentry","entry","no-media"],"yoast_head":"<!-- This site is optimized with the Yoast SEO plugin v25.3 - https:\/\/yoast.com\/wordpress\/plugins\/seo\/ -->\n<title>Couvreur - Blog formation apprentissage construction b\u00e2timent aquitaine<\/title>\n<meta name=\"robots\" content=\"index, follow, max-snippet:-1, max-image-preview:large, max-video-preview:-1\" \/>\n<link rel=\"canonical\" href=\"https:\/\/blog-formation-apprentissage-construction-batiment.fr\/index.php\/couvreur\/\" \/>\n<meta property=\"og:locale\" content=\"fr_FR\" \/>\n<meta property=\"og:type\" content=\"article\" \/>\n<meta property=\"og:title\" content=\"Couvreur - Blog formation apprentissage construction b\u00e2timent aquitaine\" \/>\n<meta property=\"og:description\" content=\"[vc_row][vc_column][vc_column_text] Le m\u00e9tier de couvreur en b\u00e2timent construction Le couvreur r\u00e9alise ou r\u00e9pare les toitures des immeubles collectifs ou des maisons individuelles. Il intervient apr\u00e8s la mise en place de la charpente afin de permettre aux autres corps d\u2019\u00e9tat d\u2019achever&hellip;\" \/>\n<meta property=\"og:url\" content=\"https:\/\/blog-formation-apprentissage-construction-batiment.fr\/index.php\/couvreur\/\" \/>\n<meta property=\"og:site_name\" content=\"Blog formation apprentissage construction b\u00e2timent aquitaine\" \/>\n<meta property=\"article:modified_time\" content=\"2022-10-10T15:41:14+00:00\" \/>\n<meta name=\"twitter:card\" content=\"summary_large_image\" \/>\n<meta name=\"twitter:label1\" content=\"Dur\u00e9e de lecture estim\u00e9e\" \/>\n\t<meta name=\"twitter:data1\" content=\"3 minutes\" \/>\n<script type=\"application\/ld+json\" class=\"yoast-schema-graph\">{\"@context\":\"https:\/\/schema.org\",\"@graph\":[{\"@type\":\"WebPage\",\"@id\":\"https:\/\/blog-formation-apprentissage-construction-batiment.fr\/index.php\/couvreur\/\",\"url\":\"https:\/\/blog-formation-apprentissage-construction-batiment.fr\/index.php\/couvreur\/\",\"name\":\"Couvreur - Blog formation apprentissage construction b\u00e2timent aquitaine\",\"isPartOf\":{\"@id\":\"https:\/\/blog-formation-apprentissage-construction-batiment.fr\/#website\"},\"datePublished\":\"2019-12-07T01:12:05+00:00\",\"dateModified\":\"2022-10-10T15:41:14+00:00\",\"breadcrumb\":{\"@id\":\"https:\/\/blog-formation-apprentissage-construction-batiment.fr\/index.php\/couvreur\/#breadcrumb\"},\"inLanguage\":\"fr-FR\",\"potentialAction\":[{\"@type\":\"ReadAction\",\"target\":[\"https:\/\/blog-formation-apprentissage-construction-batiment.fr\/index.php\/couvreur\/\"]}]},{\"@type\":\"BreadcrumbList\",\"@id\":\"https:\/\/blog-formation-apprentissage-construction-batiment.fr\/index.php\/couvreur\/#breadcrumb\",\"itemListElement\":[{\"@type\":\"ListItem\",\"position\":1,\"name\":\"Accueil\",\"item\":\"https:\/\/blog-formation-apprentissage-construction-batiment.fr\/\"},{\"@type\":\"ListItem\",\"position\":2,\"name\":\"Couvreur\"}]},{\"@type\":\"WebSite\",\"@id\":\"https:\/\/blog-formation-apprentissage-construction-batiment.fr\/#website\",\"url\":\"https:\/\/blog-formation-apprentissage-construction-batiment.fr\/\",\"name\":\"Blog formation apprentissage construction b\u00e2timent aquitaine\",\"description\":\"trouvez votre formation apprentissage dans les m\u00e9tiers du b\u00e2timent en Nouvelle-Aquitaine\",\"publisher\":{\"@id\":\"https:\/\/blog-formation-apprentissage-construction-batiment.fr\/#organization\"},\"potentialAction\":[{\"@type\":\"SearchAction\",\"target\":{\"@type\":\"EntryPoint\",\"urlTemplate\":\"https:\/\/blog-formation-apprentissage-construction-batiment.fr\/?s={search_term_string}\"},\"query-input\":{\"@type\":\"PropertyValueSpecification\",\"valueRequired\":true,\"valueName\":\"search_term_string\"}}],\"inLanguage\":\"fr-FR\"},{\"@type\":\"Organization\",\"@id\":\"https:\/\/blog-formation-apprentissage-construction-batiment.fr\/#organization\",\"name\":\"Blog formation apprentissage construction b\u00e2timent aquitaine\",\"url\":\"https:\/\/blog-formation-apprentissage-construction-batiment.fr\/\",\"logo\":{\"@type\":\"ImageObject\",\"inLanguage\":\"fr-FR\",\"@id\":\"https:\/\/blog-formation-apprentissage-construction-batiment.fr\/#\/schema\/logo\/image\/\",\"url\":\"https:\/\/blog-formation-apprentissage-construction-batiment.fr\/wp-content\/uploads\/2019\/12\/LOGO-apprentissage-et-formation-batiment-construction-5.png\",\"contentUrl\":\"https:\/\/blog-formation-apprentissage-construction-batiment.fr\/wp-content\/uploads\/2019\/12\/LOGO-apprentissage-et-formation-batiment-construction-5.png\",\"width\":736,\"height\":317,\"caption\":\"Blog formation apprentissage construction b\u00e2timent aquitaine\"},\"image\":{\"@id\":\"https:\/\/blog-formation-apprentissage-construction-batiment.fr\/#\/schema\/logo\/image\/\"}}]}<\/script>\n<!-- \/ Yoast SEO plugin. -->","yoast_head_json":{"title":"Couvreur - Blog formation apprentissage construction b\u00e2timent aquitaine","robots":{"index":"index","follow":"follow","max-snippet":"max-snippet:-1","max-image-preview":"max-image-preview:large","max-video-preview":"max-video-preview:-1"},"canonical":"https:\/\/blog-formation-apprentissage-construction-batiment.fr\/index.php\/couvreur\/","og_locale":"fr_FR","og_type":"article","og_title":"Couvreur - Blog formation apprentissage construction b\u00e2timent aquitaine","og_description":"[vc_row][vc_column][vc_column_text] Le m\u00e9tier de couvreur en b\u00e2timent construction Le couvreur r\u00e9alise ou r\u00e9pare les toitures des immeubles collectifs ou des maisons individuelles. Il intervient apr\u00e8s la mise en place de la charpente afin de permettre aux autres corps d\u2019\u00e9tat d\u2019achever&hellip;","og_url":"https:\/\/blog-formation-apprentissage-construction-batiment.fr\/index.php\/couvreur\/","og_site_name":"Blog formation apprentissage construction b\u00e2timent aquitaine","article_modified_time":"2022-10-10T15:41:14+00:00","twitter_card":"summary_large_image","twitter_misc":{"Dur\u00e9e de lecture estim\u00e9e":"3 minutes"},"schema":{"@context":"https:\/\/schema.org","@graph":[{"@type":"WebPage","@id":"https:\/\/blog-formation-apprentissage-construction-batiment.fr\/index.php\/couvreur\/","url":"https:\/\/blog-formation-apprentissage-construction-batiment.fr\/index.php\/couvreur\/","name":"Couvreur - Blog formation apprentissage construction b\u00e2timent aquitaine","isPartOf":{"@id":"https:\/\/blog-formation-apprentissage-construction-batiment.fr\/#website"},"datePublished":"2019-12-07T01:12:05+00:00","dateModified":"2022-10-10T15:41:14+00:00","breadcrumb":{"@id":"https:\/\/blog-formation-apprentissage-construction-batiment.fr\/index.php\/couvreur\/#breadcrumb"},"inLanguage":"fr-FR","potentialAction":[{"@type":"ReadAction","target":["https:\/\/blog-formation-apprentissage-construction-batiment.fr\/index.php\/couvreur\/"]}]},{"@type":"BreadcrumbList","@id":"https:\/\/blog-formation-apprentissage-construction-batiment.fr\/index.php\/couvreur\/#breadcrumb","itemListElement":[{"@type":"ListItem","position":1,"name":"Accueil","item":"https:\/\/blog-formation-apprentissage-construction-batiment.fr\/"},{"@type":"ListItem","position":2,"name":"Couvreur"}]},{"@type":"WebSite","@id":"https:\/\/blog-formation-apprentissage-construction-batiment.fr\/#website","url":"https:\/\/blog-formation-apprentissage-construction-batiment.fr\/","name":"Blog formation apprentissage construction b\u00e2timent aquitaine","description":"trouvez votre formation apprentissage dans les m\u00e9tiers du b\u00e2timent en Nouvelle-Aquitaine","publisher":{"@id":"https:\/\/blog-formation-apprentissage-construction-batiment.fr\/#organization"},"potentialAction":[{"@type":"SearchAction","target":{"@type":"EntryPoint","urlTemplate":"https:\/\/blog-formation-apprentissage-construction-batiment.fr\/?s={search_term_string}"},"query-input":{"@type":"PropertyValueSpecification","valueRequired":true,"valueName":"search_term_string"}}],"inLanguage":"fr-FR"},{"@type":"Organization","@id":"https:\/\/blog-formation-apprentissage-construction-batiment.fr\/#organization","name":"Blog formation apprentissage construction b\u00e2timent aquitaine","url":"https:\/\/blog-formation-apprentissage-construction-batiment.fr\/","logo":{"@type":"ImageObject","inLanguage":"fr-FR","@id":"https:\/\/blog-formation-apprentissage-construction-batiment.fr\/#\/schema\/logo\/image\/","url":"https:\/\/blog-formation-apprentissage-construction-batiment.fr\/wp-content\/uploads\/2019\/12\/LOGO-apprentissage-et-formation-batiment-construction-5.png","contentUrl":"https:\/\/blog-formation-apprentissage-construction-batiment.fr\/wp-content\/uploads\/2019\/12\/LOGO-apprentissage-et-formation-batiment-construction-5.png","width":736,"height":317,"caption":"Blog formation apprentissage construction b\u00e2timent aquitaine"},"image":{"@id":"https:\/\/blog-formation-apprentissage-construction-batiment.fr\/#\/schema\/logo\/image\/"}}]}},"_links":{"self":[{"href":"https:\/\/blog-formation-apprentissage-construction-batiment.fr\/index.php\/wp-json\/wp\/v2\/pages\/547","targetHints":{"allow":["GET"]}}],"collection":[{"href":"https:\/\/blog-formation-apprentissage-construction-batiment.fr\/index.php\/wp-json\/wp\/v2\/pages"}],"about":[{"href":"https:\/\/blog-formation-apprentissage-construction-batiment.fr\/index.php\/wp-json\/wp\/v2\/types\/page"}],"author":[{"embeddable":true,"href":"https:\/\/blog-formation-apprentissage-construction-batiment.fr\/index.php\/wp-json\/wp\/v2\/users\/1"}],"replies":[{"embeddable":true,"href":"https:\/\/blog-formation-apprentissage-construction-batiment.fr\/index.php\/wp-json\/wp\/v2\/comments?post=547"}],"version-history":[{"count":4,"href":"https:\/\/blog-formation-apprentissage-construction-batiment.fr\/index.php\/wp-json\/wp\/v2\/pages\/547\/revisions"}],"predecessor-version":[{"id":775,"href":"https:\/\/blog-formation-apprentissage-construction-batiment.fr\/index.php\/wp-json\/wp\/v2\/pages\/547\/revisions\/775"}],"wp:attachment":[{"href":"https:\/\/blog-formation-apprentissage-construction-batiment.fr\/index.php\/wp-json\/wp\/v2\/media?parent=547"}],"curies":[{"name":"wp","href":"https:\/\/api.w.org\/{rel}","templated":true}]}}