{"id":544,"date":"2019-12-07T02:11:13","date_gmt":"2019-12-07T01:11:13","guid":{"rendered":"http:\/\/blog-formation-apprentissage-construction-batiment-nv-aquitaine.fr\/?page_id=544"},"modified":"2019-12-07T02:11:22","modified_gmt":"2019-12-07T01:11:22","slug":"demolisseur","status":"publish","type":"page","link":"https:\/\/blog-formation-apprentissage-construction-batiment.fr\/index.php\/demolisseur\/","title":{"rendered":"D\u00e9molisseur"},"content":{"rendered":"[vc_row][vc_column][vc_column_text]\r\n\r\n<h2 class=\"wp-block-heading\" style=\"text-align: justify;\">Le m\u00e9tier de d\u00e9molisseur en b\u00e2timent construction<\/h2>\r\n<p style=\"text-align: justify;\"><\/p>\r\n\r\n<p>Les m\u00e9tiers de la d\u00e9molition ont beaucoup \u00e9volu\u00e9. Il s\u2019agit de plus en plus de d\u00e9construire et non seulement de d\u00e9molir. Ainsi les intervenants sur le chantier proc\u00e8dent au tri s\u00e9lectif des mat\u00e9riaux ce qui demande une organisation sp\u00e9cifique des chantiers. Deux m\u00e9tiers \u00e9mergent parmi l\u2019ensemble des activit\u00e9s r\u00e9alis\u00e9es par les ouvriers de la d\u00e9molition : pr\u00e9parateur en d\u00e9molition et conducteur d\u2019engin. Le pr\u00e9parateur signalise, s\u00e9curise le chantier. Il guide la grue, d\u00e9monte la toiture, d\u00e9coupe les murs et les planchers. Le conducteur d\u2019engin pilote diff\u00e9rents engins de d\u00e9molition (pelle \u00e0 long bras, robot\u2026). Il contr\u00f4le et entretient l\u2019outillage.<\/p>\r\n<div id=\"formations\" class=\"StyleSheet\">\r\n<h1 style=\"text-align: justify;\">FORMATIONS<\/h1>\r\n<div id=\"formation\" class=\"StyleSheet\" style=\"text-align: justify;\">\r\n<h2>Dipl\u00f4mes de l\u2019Education nationale<\/h2>\r\nIls se pr\u00e9parent principalement en formation initiale que ce soit par voie scolaire ou en apprentissage. Vous pouvez \u00e9galement les obtenir par Validation des Acquis de l\u2019Exp\u00e9rience (VAE).\r\n<h4 class=\"sous_intertitre\">Pour devenir ouvrier professionnel<\/h4>\r\n<ul class=\"liste_puce\">\r\n<li>CAP Conducteur d\u2019engins : Travaux Publics et carri\u00e8re<\/li>\r\n<\/ul>\r\n<\/div>\r\n<div id=\"formation\" class=\"StyleSheet\" style=\"text-align: justify;\">\r\n<h2>Titres Professionnels<\/h2>\r\nSi vous avez quitt\u00e9 le syst\u00e8me \u00e9ducatif ou que vous souhaitez vous reconvertir, vous pouvez pr\u00e9parer un titre du minist\u00e8re de l\u2019Emploi. La formation est principalement dispens\u00e9e dans des centres de l\u2019AFPA. Vous pouvez suivre la formation \u00e0 temps plein ou dans le cadre de contrats de professionnalisation. Vous pouvez \u00e9galement obtenir les Titres Professionnels par la VAE.\r\n<h4 class=\"sous_intertitre\">Pour devenir ouvrier professionnel<\/h4>\r\n<ul class=\"liste_puce\">\r\n<li>Conducteur de bouteur et de chargeuse<\/li>\r\n<li>Conducteur de pelle hydraulique et de chargeuse pelleteuse<\/li>\r\n<\/ul>\r\n<\/div>\r\n<div id=\"formation\" class=\"StyleSheet\">\r\n<h2 style=\"text-align: justify;\">CQP<\/h2>\r\n<p style=\"text-align: justify;\">Il s\u2019agit de certifications mises en place par les partenaires sociaux du B\u00e2timent et des Travaux Publics. Il est possible d\u2019y acc\u00e9der apr\u00e8s une formation dans le cadre d\u2019un contrat de professionnalisation ou par la VAE.<\/p>\r\n<h4 class=\"sous_intertitre\" style=\"text-align: justify;\">Pour devenir compagnon professionnel<\/h4>\r\n<ul class=\"liste_puce\">\r\n<li style=\"text-align: justify;\">Pr\u00e9parateur en d\u00e9molition<\/li>\r\n<\/ul>\r\n<\/div>\r\n<\/div>\r\n\r\n[\/vc_column_text][\/vc_column][\/vc_row][vc_row][vc_column]<div class=\"vcex-module vcex-heading vcex-heading-plain\"><span class=\"vcex-heading-inner clr\">Vid\u00e9o pr\u00e9sentant le m\u00e9tier de d\u00e9molisseur<\/span><\/div>[vc_video link=\u00a0\u00bbhttps:\/\/youtu.be\/nHZ5V2VHNLM\u00a0\u00bb][\/vc_column][\/vc_row]","protected":false},"excerpt":{"rendered":"<p>[vc_row][vc_column][vc_column_text] Le m\u00e9tier de d\u00e9molisseur en b\u00e2timent construction Les m\u00e9tiers de la d\u00e9molition ont beaucoup \u00e9volu\u00e9. Il s\u2019agit de plus en plus de d\u00e9construire et non seulement de d\u00e9molir. Ainsi les intervenants sur le chantier proc\u00e8dent au tri s\u00e9lectif des&hellip;<\/p>\n","protected":false},"author":1,"featured_media":0,"parent":0,"menu_order":0,"comment_status":"closed","ping_status":"closed","template":"","meta":{"footnotes":""},"class_list":["post-544","page","type-page","status-publish","hentry","entry","no-media"],"yoast_head":"<!-- This site is optimized with the Yoast SEO plugin v25.3 - https:\/\/yoast.com\/wordpress\/plugins\/seo\/ -->\n<title>D\u00e9molisseur - Blog formation apprentissage construction b\u00e2timent aquitaine<\/title>\n<meta name=\"robots\" content=\"index, follow, max-snippet:-1, max-image-preview:large, max-video-preview:-1\" \/>\n<link rel=\"canonical\" href=\"https:\/\/blog-formation-apprentissage-construction-batiment.fr\/index.php\/demolisseur\/\" \/>\n<meta property=\"og:locale\" content=\"fr_FR\" \/>\n<meta property=\"og:type\" content=\"article\" \/>\n<meta property=\"og:title\" content=\"D\u00e9molisseur - Blog formation apprentissage construction b\u00e2timent aquitaine\" \/>\n<meta property=\"og:description\" content=\"[vc_row][vc_column][vc_column_text] Le m\u00e9tier de d\u00e9molisseur en b\u00e2timent construction Les m\u00e9tiers de la d\u00e9molition ont beaucoup \u00e9volu\u00e9. Il s\u2019agit de plus en plus de d\u00e9construire et non seulement de d\u00e9molir. Ainsi les intervenants sur le chantier proc\u00e8dent au tri s\u00e9lectif des&hellip;\" \/>\n<meta property=\"og:url\" content=\"https:\/\/blog-formation-apprentissage-construction-batiment.fr\/index.php\/demolisseur\/\" \/>\n<meta property=\"og:site_name\" content=\"Blog formation apprentissage construction b\u00e2timent aquitaine\" \/>\n<meta property=\"article:modified_time\" content=\"2019-12-07T01:11:22+00:00\" \/>\n<meta name=\"twitter:card\" content=\"summary_large_image\" \/>\n<meta name=\"twitter:label1\" content=\"Dur\u00e9e de lecture estim\u00e9e\" \/>\n\t<meta name=\"twitter:data1\" content=\"2 minutes\" \/>\n<script type=\"application\/ld+json\" class=\"yoast-schema-graph\">{\"@context\":\"https:\/\/schema.org\",\"@graph\":[{\"@type\":\"WebPage\",\"@id\":\"https:\/\/blog-formation-apprentissage-construction-batiment.fr\/index.php\/demolisseur\/\",\"url\":\"https:\/\/blog-formation-apprentissage-construction-batiment.fr\/index.php\/demolisseur\/\",\"name\":\"D\u00e9molisseur - Blog formation apprentissage construction b\u00e2timent aquitaine\",\"isPartOf\":{\"@id\":\"https:\/\/blog-formation-apprentissage-construction-batiment.fr\/#website\"},\"datePublished\":\"2019-12-07T01:11:13+00:00\",\"dateModified\":\"2019-12-07T01:11:22+00:00\",\"breadcrumb\":{\"@id\":\"https:\/\/blog-formation-apprentissage-construction-batiment.fr\/index.php\/demolisseur\/#breadcrumb\"},\"inLanguage\":\"fr-FR\",\"potentialAction\":[{\"@type\":\"ReadAction\",\"target\":[\"https:\/\/blog-formation-apprentissage-construction-batiment.fr\/index.php\/demolisseur\/\"]}]},{\"@type\":\"BreadcrumbList\",\"@id\":\"https:\/\/blog-formation-apprentissage-construction-batiment.fr\/index.php\/demolisseur\/#breadcrumb\",\"itemListElement\":[{\"@type\":\"ListItem\",\"position\":1,\"name\":\"Accueil\",\"item\":\"https:\/\/blog-formation-apprentissage-construction-batiment.fr\/\"},{\"@type\":\"ListItem\",\"position\":2,\"name\":\"D\u00e9molisseur\"}]},{\"@type\":\"WebSite\",\"@id\":\"https:\/\/blog-formation-apprentissage-construction-batiment.fr\/#website\",\"url\":\"https:\/\/blog-formation-apprentissage-construction-batiment.fr\/\",\"name\":\"Blog formation apprentissage construction b\u00e2timent aquitaine\",\"description\":\"trouvez votre formation apprentissage dans les m\u00e9tiers du b\u00e2timent en Nouvelle-Aquitaine\",\"publisher\":{\"@id\":\"https:\/\/blog-formation-apprentissage-construction-batiment.fr\/#organization\"},\"potentialAction\":[{\"@type\":\"SearchAction\",\"target\":{\"@type\":\"EntryPoint\",\"urlTemplate\":\"https:\/\/blog-formation-apprentissage-construction-batiment.fr\/?s={search_term_string}\"},\"query-input\":{\"@type\":\"PropertyValueSpecification\",\"valueRequired\":true,\"valueName\":\"search_term_string\"}}],\"inLanguage\":\"fr-FR\"},{\"@type\":\"Organization\",\"@id\":\"https:\/\/blog-formation-apprentissage-construction-batiment.fr\/#organization\",\"name\":\"Blog formation apprentissage construction b\u00e2timent aquitaine\",\"url\":\"https:\/\/blog-formation-apprentissage-construction-batiment.fr\/\",\"logo\":{\"@type\":\"ImageObject\",\"inLanguage\":\"fr-FR\",\"@id\":\"https:\/\/blog-formation-apprentissage-construction-batiment.fr\/#\/schema\/logo\/image\/\",\"url\":\"https:\/\/blog-formation-apprentissage-construction-batiment.fr\/wp-content\/uploads\/2019\/12\/LOGO-apprentissage-et-formation-batiment-construction-5.png\",\"contentUrl\":\"https:\/\/blog-formation-apprentissage-construction-batiment.fr\/wp-content\/uploads\/2019\/12\/LOGO-apprentissage-et-formation-batiment-construction-5.png\",\"width\":736,\"height\":317,\"caption\":\"Blog formation apprentissage construction b\u00e2timent aquitaine\"},\"image\":{\"@id\":\"https:\/\/blog-formation-apprentissage-construction-batiment.fr\/#\/schema\/logo\/image\/\"}}]}<\/script>\n<!-- \/ Yoast SEO plugin. -->","yoast_head_json":{"title":"D\u00e9molisseur - Blog formation apprentissage construction b\u00e2timent aquitaine","robots":{"index":"index","follow":"follow","max-snippet":"max-snippet:-1","max-image-preview":"max-image-preview:large","max-video-preview":"max-video-preview:-1"},"canonical":"https:\/\/blog-formation-apprentissage-construction-batiment.fr\/index.php\/demolisseur\/","og_locale":"fr_FR","og_type":"article","og_title":"D\u00e9molisseur - Blog formation apprentissage construction b\u00e2timent aquitaine","og_description":"[vc_row][vc_column][vc_column_text] Le m\u00e9tier de d\u00e9molisseur en b\u00e2timent construction Les m\u00e9tiers de la d\u00e9molition ont beaucoup \u00e9volu\u00e9. Il s\u2019agit de plus en plus de d\u00e9construire et non seulement de d\u00e9molir. Ainsi les intervenants sur le chantier proc\u00e8dent au tri s\u00e9lectif des&hellip;","og_url":"https:\/\/blog-formation-apprentissage-construction-batiment.fr\/index.php\/demolisseur\/","og_site_name":"Blog formation apprentissage construction b\u00e2timent aquitaine","article_modified_time":"2019-12-07T01:11:22+00:00","twitter_card":"summary_large_image","twitter_misc":{"Dur\u00e9e de lecture estim\u00e9e":"2 minutes"},"schema":{"@context":"https:\/\/schema.org","@graph":[{"@type":"WebPage","@id":"https:\/\/blog-formation-apprentissage-construction-batiment.fr\/index.php\/demolisseur\/","url":"https:\/\/blog-formation-apprentissage-construction-batiment.fr\/index.php\/demolisseur\/","name":"D\u00e9molisseur - Blog formation apprentissage construction b\u00e2timent aquitaine","isPartOf":{"@id":"https:\/\/blog-formation-apprentissage-construction-batiment.fr\/#website"},"datePublished":"2019-12-07T01:11:13+00:00","dateModified":"2019-12-07T01:11:22+00:00","breadcrumb":{"@id":"https:\/\/blog-formation-apprentissage-construction-batiment.fr\/index.php\/demolisseur\/#breadcrumb"},"inLanguage":"fr-FR","potentialAction":[{"@type":"ReadAction","target":["https:\/\/blog-formation-apprentissage-construction-batiment.fr\/index.php\/demolisseur\/"]}]},{"@type":"BreadcrumbList","@id":"https:\/\/blog-formation-apprentissage-construction-batiment.fr\/index.php\/demolisseur\/#breadcrumb","itemListElement":[{"@type":"ListItem","position":1,"name":"Accueil","item":"https:\/\/blog-formation-apprentissage-construction-batiment.fr\/"},{"@type":"ListItem","position":2,"name":"D\u00e9molisseur"}]},{"@type":"WebSite","@id":"https:\/\/blog-formation-apprentissage-construction-batiment.fr\/#website","url":"https:\/\/blog-formation-apprentissage-construction-batiment.fr\/","name":"Blog formation apprentissage construction b\u00e2timent aquitaine","description":"trouvez votre formation apprentissage dans les m\u00e9tiers du b\u00e2timent en Nouvelle-Aquitaine","publisher":{"@id":"https:\/\/blog-formation-apprentissage-construction-batiment.fr\/#organization"},"potentialAction":[{"@type":"SearchAction","target":{"@type":"EntryPoint","urlTemplate":"https:\/\/blog-formation-apprentissage-construction-batiment.fr\/?s={search_term_string}"},"query-input":{"@type":"PropertyValueSpecification","valueRequired":true,"valueName":"search_term_string"}}],"inLanguage":"fr-FR"},{"@type":"Organization","@id":"https:\/\/blog-formation-apprentissage-construction-batiment.fr\/#organization","name":"Blog formation apprentissage construction b\u00e2timent aquitaine","url":"https:\/\/blog-formation-apprentissage-construction-batiment.fr\/","logo":{"@type":"ImageObject","inLanguage":"fr-FR","@id":"https:\/\/blog-formation-apprentissage-construction-batiment.fr\/#\/schema\/logo\/image\/","url":"https:\/\/blog-formation-apprentissage-construction-batiment.fr\/wp-content\/uploads\/2019\/12\/LOGO-apprentissage-et-formation-batiment-construction-5.png","contentUrl":"https:\/\/blog-formation-apprentissage-construction-batiment.fr\/wp-content\/uploads\/2019\/12\/LOGO-apprentissage-et-formation-batiment-construction-5.png","width":736,"height":317,"caption":"Blog formation apprentissage construction b\u00e2timent aquitaine"},"image":{"@id":"https:\/\/blog-formation-apprentissage-construction-batiment.fr\/#\/schema\/logo\/image\/"}}]}},"_links":{"self":[{"href":"https:\/\/blog-formation-apprentissage-construction-batiment.fr\/index.php\/wp-json\/wp\/v2\/pages\/544","targetHints":{"allow":["GET"]}}],"collection":[{"href":"https:\/\/blog-formation-apprentissage-construction-batiment.fr\/index.php\/wp-json\/wp\/v2\/pages"}],"about":[{"href":"https:\/\/blog-formation-apprentissage-construction-batiment.fr\/index.php\/wp-json\/wp\/v2\/types\/page"}],"author":[{"embeddable":true,"href":"https:\/\/blog-formation-apprentissage-construction-batiment.fr\/index.php\/wp-json\/wp\/v2\/users\/1"}],"replies":[{"embeddable":true,"href":"https:\/\/blog-formation-apprentissage-construction-batiment.fr\/index.php\/wp-json\/wp\/v2\/comments?post=544"}],"version-history":[{"count":2,"href":"https:\/\/blog-formation-apprentissage-construction-batiment.fr\/index.php\/wp-json\/wp\/v2\/pages\/544\/revisions"}],"predecessor-version":[{"id":546,"href":"https:\/\/blog-formation-apprentissage-construction-batiment.fr\/index.php\/wp-json\/wp\/v2\/pages\/544\/revisions\/546"}],"wp:attachment":[{"href":"https:\/\/blog-formation-apprentissage-construction-batiment.fr\/index.php\/wp-json\/wp\/v2\/media?parent=544"}],"curies":[{"name":"wp","href":"https:\/\/api.w.org\/{rel}","templated":true}]}}