{"id":533,"date":"2019-12-07T02:07:28","date_gmt":"2019-12-07T01:07:28","guid":{"rendered":"http:\/\/blog-formation-apprentissage-construction-batiment-nv-aquitaine.fr\/?page_id=533"},"modified":"2019-12-07T02:07:33","modified_gmt":"2019-12-07T01:07:33","slug":"grutier","status":"publish","type":"page","link":"https:\/\/blog-formation-apprentissage-construction-batiment.fr\/index.php\/grutier\/","title":{"rendered":"Grutier"},"content":{"rendered":"[vc_row][vc_column][vc_column_text]\r\n\r\n<h2 class=\"wp-block-heading\" style=\"text-align: justify;\">Le m\u00e9tier de Grutier en B\u00e2timent construction<\/h2>\r\n\r\n<p style=\"text-align: justify;\">Le grutier est un technicien de chantier tr\u00e8s qualifi\u00e9 dans la conduite et la man\u0153uvre de grues \u00e0 tour, engins de levage en hauteur ou tr\u00e8s grande hauteur. Il approvisionne en mat\u00e9riaux les diff\u00e9rentes parties du chantier : coffrages-outils, bennes remplies de b\u00e9ton, \u00e9l\u00e9ments pr\u00e9fabriqu\u00e9s, armatures pour le b\u00e9ton arm\u00e9, pl\u00e2tre, parpaings et briques sur des palettes. Du haut de sa cabine, il communique avec les chefs d\u2019\u00e9quipe par radio et peut \u00eatre amen\u00e9 \u00e0 d\u00e9placer les mat\u00e9riaux sans visibilit\u00e9.<\/p>\r\n\r\n<p style=\"text-align: justify;\">Sur un chantier, le grutier doit g\u00e9rer son engin du d\u00e9but \u00e0 la fin. Il participe le plus souvent au montage et au d\u00e9montage de la grue, il v\u00e9rifie les syst\u00e8mes de s\u00e9curit\u00e9 avant de la faire fonctionner et il v\u00e9rifie aussi que le poids du chargement reste dans les limites pr\u00e9vues, en rapport avec la port\u00e9e de la fl\u00e8che et son contrepoids. Il est responsable de l\u2019entretien de la grue, assurant lui-m\u00eame les petites r\u00e9parations. Chaque jour, il re\u00e7oit les consignes de travail du chef de chantier ainsi que le programme de travail. Il s\u2019adapte \u00e0 l\u2019activit\u00e9 des \u00e9quipes du chantier et peut \u00eatre amen\u00e9 \u00e0 anticiper les ordres de son sup\u00e9rieur hi\u00e9rarchique pour am\u00e9liorer le rendement des \u00e9quipes. Son r\u00f4le est indispensable dans le d\u00e9roulement du chantier.<\/p>\r\n\r\n<p style=\"text-align: justify;\">Le grutier travaille sur des chantiers aussi diff\u00e9rents que des constructions r\u00e9sidentielles ou des travaux de g\u00e9nie civil (ponts, viaducs, barrages, etc.).<\/p>\r\n<div id=\"formations\" class=\"StyleSheet\" style=\"text-align: justify;\">\r\n<h1 style=\"text-align: justify;\">FORMATIONS<\/h1>\r\n<div id=\"formation\" class=\"StyleSheet\">\r\n<h2 style=\"text-align: justify;\">Titres Professionnels<\/h2>\r\n<p style=\"text-align: justify;\">Il n\u2019y a pas de dipl\u00f4me de l\u2019Education nationale et une premi\u00e8re exp\u00e9rience de chantier est souhaitable. Des Titres Professionnels du minist\u00e8re de l\u2019Emploi pr\u00e9parent \u00e0 ce m\u00e9tier. Si vous avez quitt\u00e9 le syst\u00e8me \u00e9ducatif ou que vous souhaitez vous reconvertir, vous pouvez pr\u00e9parer un titre du minist\u00e8re de l\u2019Emploi. La formation est principalement dispens\u00e9e dans des centres de l\u2019AFPA. Vous pouvez suivre la formation \u00e0 temps plein ou dans le cadre d\u2019un contrat de professionnalisation. Vous pouvez \u00e9galement obtenir les Titres Professionnels par la Validation des Acquis de l\u2019Exp\u00e9rience (VAE).<\/p>\r\n<h4 class=\"sous_intertitre\">Pour devenir ouvrier professionnel<\/h4>\r\n<ul class=\"liste_puce\">\r\n<li>Conducteur de grue \u00e0 tour<\/li>\r\n<li>Conducteur de grue mobile<\/li>\r\n<\/ul>\r\n<\/div>\r\n<\/div>\r\n<p style=\"text-align: justify;\"><\/p>\r\n[\/vc_column_text][\/vc_column][\/vc_row][vc_row][vc_column width=\u00a0\u00bb1\/2&Prime;][vc_single_image image=\u00a0\u00bb478&Prime;][\/vc_column][vc_column width=\u00a0\u00bb1\/2&Prime;][vc_video link=\u00a0\u00bbhttps:\/\/youtu.be\/sqT2msNKlvg\u00a0\u00bb][\/vc_column][\/vc_row]","protected":false},"excerpt":{"rendered":"<p>[vc_row][vc_column][vc_column_text] Le m\u00e9tier de Grutier en B\u00e2timent construction Le grutier est un technicien de chantier tr\u00e8s qualifi\u00e9 dans la conduite et la man\u0153uvre de grues \u00e0 tour, engins de levage en hauteur ou tr\u00e8s grande hauteur. Il approvisionne en mat\u00e9riaux&hellip;<\/p>\n","protected":false},"author":1,"featured_media":0,"parent":0,"menu_order":0,"comment_status":"closed","ping_status":"closed","template":"","meta":{"footnotes":""},"class_list":["post-533","page","type-page","status-publish","hentry","entry","no-media"],"yoast_head":"<!-- This site is optimized with the Yoast SEO plugin v25.3 - https:\/\/yoast.com\/wordpress\/plugins\/seo\/ -->\n<title>Grutier - Blog formation apprentissage construction b\u00e2timent aquitaine<\/title>\n<meta name=\"robots\" content=\"index, follow, max-snippet:-1, max-image-preview:large, max-video-preview:-1\" \/>\n<link rel=\"canonical\" href=\"https:\/\/blog-formation-apprentissage-construction-batiment.fr\/index.php\/grutier\/\" \/>\n<meta property=\"og:locale\" content=\"fr_FR\" \/>\n<meta property=\"og:type\" content=\"article\" \/>\n<meta property=\"og:title\" content=\"Grutier - Blog formation apprentissage construction b\u00e2timent aquitaine\" \/>\n<meta property=\"og:description\" content=\"[vc_row][vc_column][vc_column_text] Le m\u00e9tier de Grutier en B\u00e2timent construction Le grutier est un technicien de chantier tr\u00e8s qualifi\u00e9 dans la conduite et la man\u0153uvre de grues \u00e0 tour, engins de levage en hauteur ou tr\u00e8s grande hauteur. Il approvisionne en mat\u00e9riaux&hellip;\" \/>\n<meta property=\"og:url\" content=\"https:\/\/blog-formation-apprentissage-construction-batiment.fr\/index.php\/grutier\/\" \/>\n<meta property=\"og:site_name\" content=\"Blog formation apprentissage construction b\u00e2timent aquitaine\" \/>\n<meta property=\"article:modified_time\" content=\"2019-12-07T01:07:33+00:00\" \/>\n<meta name=\"twitter:card\" content=\"summary_large_image\" \/>\n<meta name=\"twitter:label1\" content=\"Dur\u00e9e de lecture estim\u00e9e\" \/>\n\t<meta name=\"twitter:data1\" content=\"2 minutes\" \/>\n<script type=\"application\/ld+json\" class=\"yoast-schema-graph\">{\"@context\":\"https:\/\/schema.org\",\"@graph\":[{\"@type\":\"WebPage\",\"@id\":\"https:\/\/blog-formation-apprentissage-construction-batiment.fr\/index.php\/grutier\/\",\"url\":\"https:\/\/blog-formation-apprentissage-construction-batiment.fr\/index.php\/grutier\/\",\"name\":\"Grutier - Blog formation apprentissage construction b\u00e2timent aquitaine\",\"isPartOf\":{\"@id\":\"https:\/\/blog-formation-apprentissage-construction-batiment.fr\/#website\"},\"datePublished\":\"2019-12-07T01:07:28+00:00\",\"dateModified\":\"2019-12-07T01:07:33+00:00\",\"breadcrumb\":{\"@id\":\"https:\/\/blog-formation-apprentissage-construction-batiment.fr\/index.php\/grutier\/#breadcrumb\"},\"inLanguage\":\"fr-FR\",\"potentialAction\":[{\"@type\":\"ReadAction\",\"target\":[\"https:\/\/blog-formation-apprentissage-construction-batiment.fr\/index.php\/grutier\/\"]}]},{\"@type\":\"BreadcrumbList\",\"@id\":\"https:\/\/blog-formation-apprentissage-construction-batiment.fr\/index.php\/grutier\/#breadcrumb\",\"itemListElement\":[{\"@type\":\"ListItem\",\"position\":1,\"name\":\"Accueil\",\"item\":\"https:\/\/blog-formation-apprentissage-construction-batiment.fr\/\"},{\"@type\":\"ListItem\",\"position\":2,\"name\":\"Grutier\"}]},{\"@type\":\"WebSite\",\"@id\":\"https:\/\/blog-formation-apprentissage-construction-batiment.fr\/#website\",\"url\":\"https:\/\/blog-formation-apprentissage-construction-batiment.fr\/\",\"name\":\"Blog formation apprentissage construction b\u00e2timent aquitaine\",\"description\":\"trouvez votre formation apprentissage dans les m\u00e9tiers du b\u00e2timent en Nouvelle-Aquitaine\",\"publisher\":{\"@id\":\"https:\/\/blog-formation-apprentissage-construction-batiment.fr\/#organization\"},\"potentialAction\":[{\"@type\":\"SearchAction\",\"target\":{\"@type\":\"EntryPoint\",\"urlTemplate\":\"https:\/\/blog-formation-apprentissage-construction-batiment.fr\/?s={search_term_string}\"},\"query-input\":{\"@type\":\"PropertyValueSpecification\",\"valueRequired\":true,\"valueName\":\"search_term_string\"}}],\"inLanguage\":\"fr-FR\"},{\"@type\":\"Organization\",\"@id\":\"https:\/\/blog-formation-apprentissage-construction-batiment.fr\/#organization\",\"name\":\"Blog formation apprentissage construction b\u00e2timent aquitaine\",\"url\":\"https:\/\/blog-formation-apprentissage-construction-batiment.fr\/\",\"logo\":{\"@type\":\"ImageObject\",\"inLanguage\":\"fr-FR\",\"@id\":\"https:\/\/blog-formation-apprentissage-construction-batiment.fr\/#\/schema\/logo\/image\/\",\"url\":\"https:\/\/blog-formation-apprentissage-construction-batiment.fr\/wp-content\/uploads\/2019\/12\/LOGO-apprentissage-et-formation-batiment-construction-5.png\",\"contentUrl\":\"https:\/\/blog-formation-apprentissage-construction-batiment.fr\/wp-content\/uploads\/2019\/12\/LOGO-apprentissage-et-formation-batiment-construction-5.png\",\"width\":736,\"height\":317,\"caption\":\"Blog formation apprentissage construction b\u00e2timent aquitaine\"},\"image\":{\"@id\":\"https:\/\/blog-formation-apprentissage-construction-batiment.fr\/#\/schema\/logo\/image\/\"}}]}<\/script>\n<!-- \/ Yoast SEO plugin. -->","yoast_head_json":{"title":"Grutier - Blog formation apprentissage construction b\u00e2timent aquitaine","robots":{"index":"index","follow":"follow","max-snippet":"max-snippet:-1","max-image-preview":"max-image-preview:large","max-video-preview":"max-video-preview:-1"},"canonical":"https:\/\/blog-formation-apprentissage-construction-batiment.fr\/index.php\/grutier\/","og_locale":"fr_FR","og_type":"article","og_title":"Grutier - Blog formation apprentissage construction b\u00e2timent aquitaine","og_description":"[vc_row][vc_column][vc_column_text] Le m\u00e9tier de Grutier en B\u00e2timent construction Le grutier est un technicien de chantier tr\u00e8s qualifi\u00e9 dans la conduite et la man\u0153uvre de grues \u00e0 tour, engins de levage en hauteur ou tr\u00e8s grande hauteur. Il approvisionne en mat\u00e9riaux&hellip;","og_url":"https:\/\/blog-formation-apprentissage-construction-batiment.fr\/index.php\/grutier\/","og_site_name":"Blog formation apprentissage construction b\u00e2timent aquitaine","article_modified_time":"2019-12-07T01:07:33+00:00","twitter_card":"summary_large_image","twitter_misc":{"Dur\u00e9e de lecture estim\u00e9e":"2 minutes"},"schema":{"@context":"https:\/\/schema.org","@graph":[{"@type":"WebPage","@id":"https:\/\/blog-formation-apprentissage-construction-batiment.fr\/index.php\/grutier\/","url":"https:\/\/blog-formation-apprentissage-construction-batiment.fr\/index.php\/grutier\/","name":"Grutier - Blog formation apprentissage construction b\u00e2timent aquitaine","isPartOf":{"@id":"https:\/\/blog-formation-apprentissage-construction-batiment.fr\/#website"},"datePublished":"2019-12-07T01:07:28+00:00","dateModified":"2019-12-07T01:07:33+00:00","breadcrumb":{"@id":"https:\/\/blog-formation-apprentissage-construction-batiment.fr\/index.php\/grutier\/#breadcrumb"},"inLanguage":"fr-FR","potentialAction":[{"@type":"ReadAction","target":["https:\/\/blog-formation-apprentissage-construction-batiment.fr\/index.php\/grutier\/"]}]},{"@type":"BreadcrumbList","@id":"https:\/\/blog-formation-apprentissage-construction-batiment.fr\/index.php\/grutier\/#breadcrumb","itemListElement":[{"@type":"ListItem","position":1,"name":"Accueil","item":"https:\/\/blog-formation-apprentissage-construction-batiment.fr\/"},{"@type":"ListItem","position":2,"name":"Grutier"}]},{"@type":"WebSite","@id":"https:\/\/blog-formation-apprentissage-construction-batiment.fr\/#website","url":"https:\/\/blog-formation-apprentissage-construction-batiment.fr\/","name":"Blog formation apprentissage construction b\u00e2timent aquitaine","description":"trouvez votre formation apprentissage dans les m\u00e9tiers du b\u00e2timent en Nouvelle-Aquitaine","publisher":{"@id":"https:\/\/blog-formation-apprentissage-construction-batiment.fr\/#organization"},"potentialAction":[{"@type":"SearchAction","target":{"@type":"EntryPoint","urlTemplate":"https:\/\/blog-formation-apprentissage-construction-batiment.fr\/?s={search_term_string}"},"query-input":{"@type":"PropertyValueSpecification","valueRequired":true,"valueName":"search_term_string"}}],"inLanguage":"fr-FR"},{"@type":"Organization","@id":"https:\/\/blog-formation-apprentissage-construction-batiment.fr\/#organization","name":"Blog formation apprentissage construction b\u00e2timent aquitaine","url":"https:\/\/blog-formation-apprentissage-construction-batiment.fr\/","logo":{"@type":"ImageObject","inLanguage":"fr-FR","@id":"https:\/\/blog-formation-apprentissage-construction-batiment.fr\/#\/schema\/logo\/image\/","url":"https:\/\/blog-formation-apprentissage-construction-batiment.fr\/wp-content\/uploads\/2019\/12\/LOGO-apprentissage-et-formation-batiment-construction-5.png","contentUrl":"https:\/\/blog-formation-apprentissage-construction-batiment.fr\/wp-content\/uploads\/2019\/12\/LOGO-apprentissage-et-formation-batiment-construction-5.png","width":736,"height":317,"caption":"Blog formation apprentissage construction b\u00e2timent aquitaine"},"image":{"@id":"https:\/\/blog-formation-apprentissage-construction-batiment.fr\/#\/schema\/logo\/image\/"}}]}},"_links":{"self":[{"href":"https:\/\/blog-formation-apprentissage-construction-batiment.fr\/index.php\/wp-json\/wp\/v2\/pages\/533","targetHints":{"allow":["GET"]}}],"collection":[{"href":"https:\/\/blog-formation-apprentissage-construction-batiment.fr\/index.php\/wp-json\/wp\/v2\/pages"}],"about":[{"href":"https:\/\/blog-formation-apprentissage-construction-batiment.fr\/index.php\/wp-json\/wp\/v2\/types\/page"}],"author":[{"embeddable":true,"href":"https:\/\/blog-formation-apprentissage-construction-batiment.fr\/index.php\/wp-json\/wp\/v2\/users\/1"}],"replies":[{"embeddable":true,"href":"https:\/\/blog-formation-apprentissage-construction-batiment.fr\/index.php\/wp-json\/wp\/v2\/comments?post=533"}],"version-history":[{"count":2,"href":"https:\/\/blog-formation-apprentissage-construction-batiment.fr\/index.php\/wp-json\/wp\/v2\/pages\/533\/revisions"}],"predecessor-version":[{"id":535,"href":"https:\/\/blog-formation-apprentissage-construction-batiment.fr\/index.php\/wp-json\/wp\/v2\/pages\/533\/revisions\/535"}],"wp:attachment":[{"href":"https:\/\/blog-formation-apprentissage-construction-batiment.fr\/index.php\/wp-json\/wp\/v2\/media?parent=533"}],"curies":[{"name":"wp","href":"https:\/\/api.w.org\/{rel}","templated":true}]}}