{"id":527,"date":"2019-12-07T02:05:26","date_gmt":"2019-12-07T01:05:26","guid":{"rendered":"http:\/\/blog-formation-apprentissage-construction-batiment-nv-aquitaine.fr\/?page_id=527"},"modified":"2019-12-07T03:05:03","modified_gmt":"2019-12-07T02:05:03","slug":"menuisier","status":"publish","type":"page","link":"https:\/\/blog-formation-apprentissage-construction-batiment.fr\/index.php\/menuisier\/","title":{"rendered":"Menuisier"},"content":{"rendered":"[vc_row][vc_column][vc_column_text]\n<h2 class=\"wp-block-heading\" style=\"text-align: justify;\">Le m\u00e9tier de menuisier en b\u00e2timent construction<\/h2>\n<p style=\"text-align: justify;\"><\/p>\n<p style=\"text-align: justify;\">Portes, fen\u00eatres, volets, escaliers, rangements, le menuisier est le sp\u00e9cialiste du montage et de l\u2019assemblage. Que ce soit en atelier ou sur chantier, il doit faire preuve de doigt\u00e9 et de pr\u00e9cision pour tracer, usiner les mat\u00e9riaux (bois, verre, aluminium\u2026) et les composants qui seront ensuite install\u00e9s dans l\u2019habitat individuel ou collectif, les magasins, les bureaux et d\u2019une mani\u00e8re g\u00e9n\u00e9rale pour am\u00e9nager notre cadre de vie. Il peut aussi effectuer la restauration d\u2019ouvrages anciens.<\/p>\n<p style=\"text-align: justify;\"><\/p>\n<p style=\"text-align: justify;\">Le menuisier doit \u00eatre \u00e0 la fois habile dans ses gestes professionnels, et savoir faire des relev\u00e9s de mesure, lire des plans d\u2019ex\u00e9cution, faire des trac\u00e9s et utiliser les machines fixes ou portatives avec lesquelles il r\u00e9alisera et installera ses ouvrages. Mais il doit aussi poss\u00e9der des notions d\u2019esth\u00e9tique et d\u2019harmonisation des volumes lorsqu\u2019il pose des rev\u00eatements tels que parquets, lambris, faux plafonds\u2026<\/p>\n<p style=\"text-align: justify;\"><\/p>\n<p style=\"text-align: justify;\">Selon les cas, le menuisier travaille dans un atelier, sur un chantier ou dans le lieu qu\u2019il doit am\u00e9nager. Il se d\u00e9place souvent et exerce en collaboration avec d\u2019autres corps d\u2019\u00e9tat du b\u00e2timent (ma\u00e7ons, plombiers, peintres).<\/p>\n<h1 style=\"text-align: justify;\">FORMATIONS<\/h1>\n<div id=\"formation\" class=\"StyleSheet\" style=\"text-align: justify;\">\n<h2>Dipl\u00f4mes de l\u2019Education nationale<\/h2>\n<p>Ils se pr\u00e9parent principalement en formation initiale que ce soit par voie scolaire ou en apprentissage. Vous pouvez \u00e9galement l\u2019obtenir par Validation des Acquis de l\u2019Exp\u00e9rience (VAE).<\/p>\n<h4 class=\"sous_intertitre\">Pour devenir ouvrier professionnel<\/h4>\n<ul class=\"liste_puce\">\n<li>CAP Menuisier fabricant de menuiserie, mobilier et agencement<\/li>\n<li>CAP Menuisier installateur<\/li>\n<li>BEP M\u00e9tiers du bois<\/li>\n<\/ul>\n<h4 class=\"sous_intertitre\">Pour devenir compagnon professionnel<\/h4>\n<ul class=\"liste_puce\">\n<li>BP Menuisier<\/li>\n<li>Bac Pro Technicien menuisier agenceur<\/li>\n<\/ul>\n<h4 class=\"sous_intertitre\">Pour devenir chef de chantier conducteur de travaux ou technicien en bureau d\u2019\u00e9tudes<\/h4>\n<ul class=\"liste_puce\">\n<li>BTS Agencement de l\u2019environnement architectural<\/li>\n<li>Licence Professionnelle<\/li>\n<\/ul>\n<h4 class=\"sous_intertitre\">Pour devenir conducteur de travaux ou ing\u00e9nieur en bureau d\u2019\u00e9tudes<\/h4>\n<ul class=\"liste_puce\">\n<li>Titre d\u2019ing\u00e9nieur<\/li>\n<li>Licence Professionnelle<\/li>\n<\/ul>\n<\/div>\n<div id=\"formation\" class=\"StyleSheet\" style=\"text-align: justify;\">\n<h2>Titres Professionnels<\/h2>\n<p>Si vous avez quitt\u00e9 le syst\u00e8me \u00e9ducatif ou que vous souhaitez vous reconvertir, vous pouvez pr\u00e9parer un titre du minist\u00e8re de l\u2019Emploi. La formation est principalement dispens\u00e9e dans des centres de l\u2019AFPA. Vous pouvez suivre la formation \u00e0 temps plein ou dans le cadre d\u2019un contrat de professionnalisation. Vous pouvez \u00e9galement obtenir les Titres Professionnels par la Validation des Acquis de l\u2019Exp\u00e9rience (VAE).<\/p>\n<h4 class=\"sous_intertitre\">Pour devenir ouvrier professionnel<\/h4>\n<ul class=\"liste_puce\">\n<li>Menuisier de fabrication b\u00e2timent ameublement<\/li>\n<li>Menuisier d\u2019agencement<\/li>\n<li>Poseur de menuiserie et am\u00e9nagement d\u2019int\u00e9rieur<\/li>\n<li>Poseur de menuiserie, fermeture et \u00e9quipement<\/li>\n<li>Finisseur vernisseur bois<\/li>\n<\/ul>\n<h4 class=\"sous_intertitre\">Pour devenir compagnon professionnel<\/h4>\n<ul class=\"liste_puce\">\n<li>Agent de maitrise fabrication bois b\u00e2timent ameublement<\/li>\n<\/ul>\n<h4 class=\"sous_intertitre\">Pour devenir chef d\u2019\u00e9quipe<\/h4>\n<ul class=\"liste_puce\">\n<li>Chef d\u2019\u00e9quipe pose menuiseries am\u00e9nagements<\/li>\n<\/ul>\n<h4 class=\"sous_intertitre\">Pour devenir technicien de production ou en bureau d\u2019\u00e9tudes<\/h4>\n<ul class=\"liste_puce\">\n<li>Technicien de production bois b\u00e2timent ameublement<\/li>\n<\/ul>\n<\/div>\n<div id=\"formation\" class=\"StyleSheet\">\n<h2 style=\"text-align: justify;\">CQP<\/h2>\n<p style=\"text-align: justify;\">Il s\u2019agit d\u2019une certification de Branche mise en place afin d\u2019offrir des perspectives d\u2019\u00e9volution aux compagnons professionnels.<\/p>\n<h4 class=\"sous_intertitre\" style=\"text-align: justify;\">Pour devenir Ma\u00eetre ouvrier<\/h4>\n<ul class=\"liste_puce\">\n<li>\n<p style=\"text-align: justify;\">Certificat de Ma\u00eetrise Professionnelle Menuiserie<\/p>\n<\/li>\n<\/ul>\n<\/div>\n[\/vc_column_text][\/vc_column][\/vc_row][vc_row][vc_column width=\u00a0\u00bb1\/2&Prime;]<div class=\"vcex-module vcex-heading vcex-heading-plain\"><span class=\"vcex-heading-inner clr\">Photo d'illustration du m\u00e9tiers de menuisier<\/span><\/div>[vc_single_image image=\u00a0\u00bb607&Prime;][\/vc_column][vc_column width=\u00a0\u00bb1\/2&Prime;]<div class=\"vcex-module vcex-heading vcex-heading-plain\"><span class=\"vcex-heading-inner clr\">Vid\u00e9o d'illustration du m\u00e9tiers de menuisier<\/span><\/div>[vc_video link=\u00a0\u00bbhttps:\/\/youtu.be\/BOk6rG0v1mc\u00a0\u00bb][\/vc_column][\/vc_row]\n","protected":false},"excerpt":{"rendered":"<p>[vc_row][vc_column][vc_column_text] Le m\u00e9tier de menuisier en b\u00e2timent construction Portes, fen\u00eatres, volets, escaliers, rangements, le menuisier est le sp\u00e9cialiste du montage et de l\u2019assemblage. Que ce soit en atelier ou sur chantier, il doit faire preuve de doigt\u00e9 et de pr\u00e9cision&hellip;<\/p>\n","protected":false},"author":1,"featured_media":0,"parent":0,"menu_order":0,"comment_status":"closed","ping_status":"closed","template":"","meta":{"footnotes":""},"class_list":["post-527","page","type-page","status-publish","hentry","entry","no-media"],"yoast_head":"<!-- This site is optimized with the Yoast SEO plugin v25.3 - https:\/\/yoast.com\/wordpress\/plugins\/seo\/ -->\n<title>Menuisier - Blog formation apprentissage construction b\u00e2timent aquitaine<\/title>\n<meta name=\"robots\" content=\"index, follow, max-snippet:-1, max-image-preview:large, max-video-preview:-1\" \/>\n<link rel=\"canonical\" href=\"https:\/\/blog-formation-apprentissage-construction-batiment.fr\/index.php\/menuisier\/\" \/>\n<meta property=\"og:locale\" content=\"fr_FR\" \/>\n<meta property=\"og:type\" content=\"article\" \/>\n<meta property=\"og:title\" content=\"Menuisier - Blog formation apprentissage construction b\u00e2timent aquitaine\" \/>\n<meta property=\"og:description\" content=\"[vc_row][vc_column][vc_column_text] Le m\u00e9tier de menuisier en b\u00e2timent construction Portes, fen\u00eatres, volets, escaliers, rangements, le menuisier est le sp\u00e9cialiste du montage et de l\u2019assemblage. Que ce soit en atelier ou sur chantier, il doit faire preuve de doigt\u00e9 et de pr\u00e9cision&hellip;\" \/>\n<meta property=\"og:url\" content=\"https:\/\/blog-formation-apprentissage-construction-batiment.fr\/index.php\/menuisier\/\" \/>\n<meta property=\"og:site_name\" content=\"Blog formation apprentissage construction b\u00e2timent aquitaine\" \/>\n<meta property=\"article:modified_time\" content=\"2019-12-07T02:05:03+00:00\" \/>\n<meta name=\"twitter:card\" content=\"summary_large_image\" \/>\n<meta name=\"twitter:label1\" content=\"Dur\u00e9e de lecture estim\u00e9e\" \/>\n\t<meta name=\"twitter:data1\" content=\"3 minutes\" \/>\n<script type=\"application\/ld+json\" class=\"yoast-schema-graph\">{\"@context\":\"https:\/\/schema.org\",\"@graph\":[{\"@type\":\"WebPage\",\"@id\":\"https:\/\/blog-formation-apprentissage-construction-batiment.fr\/index.php\/menuisier\/\",\"url\":\"https:\/\/blog-formation-apprentissage-construction-batiment.fr\/index.php\/menuisier\/\",\"name\":\"Menuisier - Blog formation apprentissage construction b\u00e2timent aquitaine\",\"isPartOf\":{\"@id\":\"https:\/\/blog-formation-apprentissage-construction-batiment.fr\/#website\"},\"datePublished\":\"2019-12-07T01:05:26+00:00\",\"dateModified\":\"2019-12-07T02:05:03+00:00\",\"breadcrumb\":{\"@id\":\"https:\/\/blog-formation-apprentissage-construction-batiment.fr\/index.php\/menuisier\/#breadcrumb\"},\"inLanguage\":\"fr-FR\",\"potentialAction\":[{\"@type\":\"ReadAction\",\"target\":[\"https:\/\/blog-formation-apprentissage-construction-batiment.fr\/index.php\/menuisier\/\"]}]},{\"@type\":\"BreadcrumbList\",\"@id\":\"https:\/\/blog-formation-apprentissage-construction-batiment.fr\/index.php\/menuisier\/#breadcrumb\",\"itemListElement\":[{\"@type\":\"ListItem\",\"position\":1,\"name\":\"Accueil\",\"item\":\"https:\/\/blog-formation-apprentissage-construction-batiment.fr\/\"},{\"@type\":\"ListItem\",\"position\":2,\"name\":\"Menuisier\"}]},{\"@type\":\"WebSite\",\"@id\":\"https:\/\/blog-formation-apprentissage-construction-batiment.fr\/#website\",\"url\":\"https:\/\/blog-formation-apprentissage-construction-batiment.fr\/\",\"name\":\"Blog formation apprentissage construction b\u00e2timent aquitaine\",\"description\":\"trouvez votre formation apprentissage dans les m\u00e9tiers du b\u00e2timent en Nouvelle-Aquitaine\",\"publisher\":{\"@id\":\"https:\/\/blog-formation-apprentissage-construction-batiment.fr\/#organization\"},\"potentialAction\":[{\"@type\":\"SearchAction\",\"target\":{\"@type\":\"EntryPoint\",\"urlTemplate\":\"https:\/\/blog-formation-apprentissage-construction-batiment.fr\/?s={search_term_string}\"},\"query-input\":{\"@type\":\"PropertyValueSpecification\",\"valueRequired\":true,\"valueName\":\"search_term_string\"}}],\"inLanguage\":\"fr-FR\"},{\"@type\":\"Organization\",\"@id\":\"https:\/\/blog-formation-apprentissage-construction-batiment.fr\/#organization\",\"name\":\"Blog formation apprentissage construction b\u00e2timent aquitaine\",\"url\":\"https:\/\/blog-formation-apprentissage-construction-batiment.fr\/\",\"logo\":{\"@type\":\"ImageObject\",\"inLanguage\":\"fr-FR\",\"@id\":\"https:\/\/blog-formation-apprentissage-construction-batiment.fr\/#\/schema\/logo\/image\/\",\"url\":\"https:\/\/blog-formation-apprentissage-construction-batiment.fr\/wp-content\/uploads\/2019\/12\/LOGO-apprentissage-et-formation-batiment-construction-5.png\",\"contentUrl\":\"https:\/\/blog-formation-apprentissage-construction-batiment.fr\/wp-content\/uploads\/2019\/12\/LOGO-apprentissage-et-formation-batiment-construction-5.png\",\"width\":736,\"height\":317,\"caption\":\"Blog formation apprentissage construction b\u00e2timent aquitaine\"},\"image\":{\"@id\":\"https:\/\/blog-formation-apprentissage-construction-batiment.fr\/#\/schema\/logo\/image\/\"}}]}<\/script>\n<!-- \/ Yoast SEO plugin. -->","yoast_head_json":{"title":"Menuisier - Blog formation apprentissage construction b\u00e2timent aquitaine","robots":{"index":"index","follow":"follow","max-snippet":"max-snippet:-1","max-image-preview":"max-image-preview:large","max-video-preview":"max-video-preview:-1"},"canonical":"https:\/\/blog-formation-apprentissage-construction-batiment.fr\/index.php\/menuisier\/","og_locale":"fr_FR","og_type":"article","og_title":"Menuisier - Blog formation apprentissage construction b\u00e2timent aquitaine","og_description":"[vc_row][vc_column][vc_column_text] Le m\u00e9tier de menuisier en b\u00e2timent construction Portes, fen\u00eatres, volets, escaliers, rangements, le menuisier est le sp\u00e9cialiste du montage et de l\u2019assemblage. Que ce soit en atelier ou sur chantier, il doit faire preuve de doigt\u00e9 et de pr\u00e9cision&hellip;","og_url":"https:\/\/blog-formation-apprentissage-construction-batiment.fr\/index.php\/menuisier\/","og_site_name":"Blog formation apprentissage construction b\u00e2timent aquitaine","article_modified_time":"2019-12-07T02:05:03+00:00","twitter_card":"summary_large_image","twitter_misc":{"Dur\u00e9e de lecture estim\u00e9e":"3 minutes"},"schema":{"@context":"https:\/\/schema.org","@graph":[{"@type":"WebPage","@id":"https:\/\/blog-formation-apprentissage-construction-batiment.fr\/index.php\/menuisier\/","url":"https:\/\/blog-formation-apprentissage-construction-batiment.fr\/index.php\/menuisier\/","name":"Menuisier - Blog formation apprentissage construction b\u00e2timent aquitaine","isPartOf":{"@id":"https:\/\/blog-formation-apprentissage-construction-batiment.fr\/#website"},"datePublished":"2019-12-07T01:05:26+00:00","dateModified":"2019-12-07T02:05:03+00:00","breadcrumb":{"@id":"https:\/\/blog-formation-apprentissage-construction-batiment.fr\/index.php\/menuisier\/#breadcrumb"},"inLanguage":"fr-FR","potentialAction":[{"@type":"ReadAction","target":["https:\/\/blog-formation-apprentissage-construction-batiment.fr\/index.php\/menuisier\/"]}]},{"@type":"BreadcrumbList","@id":"https:\/\/blog-formation-apprentissage-construction-batiment.fr\/index.php\/menuisier\/#breadcrumb","itemListElement":[{"@type":"ListItem","position":1,"name":"Accueil","item":"https:\/\/blog-formation-apprentissage-construction-batiment.fr\/"},{"@type":"ListItem","position":2,"name":"Menuisier"}]},{"@type":"WebSite","@id":"https:\/\/blog-formation-apprentissage-construction-batiment.fr\/#website","url":"https:\/\/blog-formation-apprentissage-construction-batiment.fr\/","name":"Blog formation apprentissage construction b\u00e2timent aquitaine","description":"trouvez votre formation apprentissage dans les m\u00e9tiers du b\u00e2timent en Nouvelle-Aquitaine","publisher":{"@id":"https:\/\/blog-formation-apprentissage-construction-batiment.fr\/#organization"},"potentialAction":[{"@type":"SearchAction","target":{"@type":"EntryPoint","urlTemplate":"https:\/\/blog-formation-apprentissage-construction-batiment.fr\/?s={search_term_string}"},"query-input":{"@type":"PropertyValueSpecification","valueRequired":true,"valueName":"search_term_string"}}],"inLanguage":"fr-FR"},{"@type":"Organization","@id":"https:\/\/blog-formation-apprentissage-construction-batiment.fr\/#organization","name":"Blog formation apprentissage construction b\u00e2timent aquitaine","url":"https:\/\/blog-formation-apprentissage-construction-batiment.fr\/","logo":{"@type":"ImageObject","inLanguage":"fr-FR","@id":"https:\/\/blog-formation-apprentissage-construction-batiment.fr\/#\/schema\/logo\/image\/","url":"https:\/\/blog-formation-apprentissage-construction-batiment.fr\/wp-content\/uploads\/2019\/12\/LOGO-apprentissage-et-formation-batiment-construction-5.png","contentUrl":"https:\/\/blog-formation-apprentissage-construction-batiment.fr\/wp-content\/uploads\/2019\/12\/LOGO-apprentissage-et-formation-batiment-construction-5.png","width":736,"height":317,"caption":"Blog formation apprentissage construction b\u00e2timent aquitaine"},"image":{"@id":"https:\/\/blog-formation-apprentissage-construction-batiment.fr\/#\/schema\/logo\/image\/"}}]}},"_links":{"self":[{"href":"https:\/\/blog-formation-apprentissage-construction-batiment.fr\/index.php\/wp-json\/wp\/v2\/pages\/527","targetHints":{"allow":["GET"]}}],"collection":[{"href":"https:\/\/blog-formation-apprentissage-construction-batiment.fr\/index.php\/wp-json\/wp\/v2\/pages"}],"about":[{"href":"https:\/\/blog-formation-apprentissage-construction-batiment.fr\/index.php\/wp-json\/wp\/v2\/types\/page"}],"author":[{"embeddable":true,"href":"https:\/\/blog-formation-apprentissage-construction-batiment.fr\/index.php\/wp-json\/wp\/v2\/users\/1"}],"replies":[{"embeddable":true,"href":"https:\/\/blog-formation-apprentissage-construction-batiment.fr\/index.php\/wp-json\/wp\/v2\/comments?post=527"}],"version-history":[{"count":4,"href":"https:\/\/blog-formation-apprentissage-construction-batiment.fr\/index.php\/wp-json\/wp\/v2\/pages\/527\/revisions"}],"predecessor-version":[{"id":609,"href":"https:\/\/blog-formation-apprentissage-construction-batiment.fr\/index.php\/wp-json\/wp\/v2\/pages\/527\/revisions\/609"}],"wp:attachment":[{"href":"https:\/\/blog-formation-apprentissage-construction-batiment.fr\/index.php\/wp-json\/wp\/v2\/media?parent=527"}],"curies":[{"name":"wp","href":"https:\/\/api.w.org\/{rel}","templated":true}]}}