{"id":505,"date":"2019-12-07T01:54:48","date_gmt":"2019-12-07T00:54:48","guid":{"rendered":"http:\/\/blog-formation-apprentissage-construction-batiment-nv-aquitaine.fr\/?page_id=505"},"modified":"2019-12-07T03:12:11","modified_gmt":"2019-12-07T02:12:11","slug":"solier-moquettiste-metier-et-formation","status":"publish","type":"page","link":"https:\/\/blog-formation-apprentissage-construction-batiment.fr\/index.php\/solier-moquettiste-metier-et-formation\/","title":{"rendered":"Solier Moquettiste : M\u00e9tier et Formation"},"content":{"rendered":"[vc_row][vc_column][vc_column_text]\n<h2 class=\"wp-block-heading\" style=\"text-align: justify;\">Le m\u00e9tier de solier moquettiste en b\u00e2timent construction<\/h2>\n<p style=\"text-align: justify;\"><\/p>\n\n<p style=\"text-align: justify;\">Le solier-moquettiste r\u00e9alise sur chantier, \u00e0 partir des directives de sa hi\u00e9rarchie, seul ou au sein d\u2019une \u00e9quipe, tous les travaux n\u00e9cessaires \u00e0 la mise en \u0153uvre des rev\u00eatements de sols souples, qu\u2019ils soient textiles, plastiques (ou assimil\u00e9s, linol\u00e9um, caoutchouc) ou \u00e0 base de bois coll\u00e9s ou flottants.<\/p>\n<p style=\"text-align: justify;\"><\/p>\n\n<p style=\"text-align: justify;\">Il pr\u00e9pare les supports en effectuant toutes op\u00e9rations pr\u00e9alables \u00e0 la mise en \u0153uvre du rev\u00eatement<\/p>\n<p style=\"text-align: justify;\"><\/p>\n\n<p style=\"text-align: justify;\">Il d\u00e9coupe et pr\u00e9pare les rev\u00eatements<\/p>\n<p style=\"text-align: justify;\"><\/p>\n\n<p style=\"text-align: justify;\">Il met en \u0153uvre les rev\u00eatements selon les techniques adapt\u00e9es. Il est responsable de la bonne ex\u00e9cution de travaux. Il travaille en disposant d\u2019une certaine autonomie, sous contr\u00f4le du conducteur de travaux et en respectant les r\u00e8gles de mise en \u0153uvre et de s\u00e9curit\u00e9.<\/p>\n\n<h1 style=\"text-align: justify;\">FORMATIONS<\/h1>\n<div id=\"formation\" class=\"StyleSheet\" style=\"text-align: justify;\">\n<h2>Dipl\u00f4mes de l\u2019Education nationale<\/h2>\n<p>Ils se pr\u00e9parent principalement en formation initiale que ce soit par voie scolaire ou en apprentissage. Vous pouvez \u00e9galement l\u2019obtenir par Validation des Acquis de l\u2019Exp\u00e9rience (VAE).<\/p>\n<h4 class=\"sous_intertitre\">Pour devenir ouvrier professionnel<\/h4>\n<ul class=\"liste_puce\">\n<li>CAP Solier moquettiste<\/li>\n<\/ul>\n<h4 class=\"sous_intertitre\">Pour devenir compagnon professionnel<\/h4>\n<ul class=\"liste_puce\">\n<li>Bac Pro Am\u00e9nagement et finition du B\u00e2timent<\/li>\n<\/ul>\n<h4 class=\"sous_intertitre\">Pour devenir chef de chantier conducteur de travaux ou technicien en bureau d\u2019\u00e9tudes<\/h4>\n<ul class=\"liste_puce\">\n<li>BTS Am\u00e9nagement finition<\/li>\n<\/ul>\n<\/div>\n<div id=\"formation\" class=\"StyleSheet\" style=\"text-align: justify;\">\n<h2>Titres Professionnels<\/h2>\n<p>Si vous avez quitt\u00e9 le syst\u00e8me \u00e9ducatif ou que vous souhaitez vous reconvertir, vous pouvez pr\u00e9parer un titre du minist\u00e8re de l\u2019Emploi. La formation est principalement dispens\u00e9e dans des centres de l\u2019AFPA. Vous pouvez suivre la formation \u00e0 temps plein ou dans le cadre d\u2019un contrat de professionnalisation. Vous pouvez \u00e9galement obtenir les Titres Professionnels par la Validation des Acquis de l\u2019Exp\u00e9rience (VAE).<\/p>\n<h4 class=\"sous_intertitre\">Pour devenir ouvrier professionnel<\/h4>\n<ul class=\"liste_puce\">\n<li>Solier moquettiste<\/li>\n<\/ul>\n<h4 class=\"sous_intertitre\">Pour devenir chef d\u2019\u00e9quipe<\/h4>\n<ul class=\"liste_puce\">\n<li>Chef d\u2019\u00e9quipe am\u00e9nagement finitions<\/li>\n<\/ul>\n<h4 class=\"sous_intertitre\">Pour devenir chef de chantier conducteur de travaux ou technicien en bureau d\u2019\u00e9tudes<\/h4>\n<ul class=\"liste_puce\">\n<li>Conducteur de travaux am\u00e9nagement finitions<\/li>\n<\/ul>\n<\/div>\n<div id=\"formation\" class=\"StyleSheet\">\n<h2 style=\"text-align: justify;\">CQP<\/h2>\n<p style=\"text-align: justify;\">Il s\u2019agit d\u2019une certification cr\u00e9\u00e9e par la Branche professionnelle afin d\u2019offrir des perspectives d\u2019\u00e9volution de carri\u00e8re aux titulaires d\u2019un CAP.<\/p>\n<h4 class=\"sous_intertitre\" style=\"text-align: justify;\">Pour devenir compagnon professionnel<\/h4>\n<ul class=\"liste_puce\">\n<li>\n<p style=\"text-align: justify;\">Compagnon Solier moquettiste<\/p>\n<\/li>\n<\/ul>\n<\/div>\n[\/vc_column_text][\/vc_column][\/vc_row][vc_row][vc_column width=\u00a0\u00bb1\/2&Prime;]<div class=\"vcex-module vcex-heading vcex-heading-plain\"><span class=\"vcex-heading-inner clr\">photo illustrant le m\u00e9tier de solier moquettiste<\/span><\/div>[vc_single_image image=\u00a0\u00bb621&Prime;][\/vc_column][vc_column width=\u00a0\u00bb1\/2&Prime;]<div class=\"vcex-module vcex-heading vcex-heading-plain\"><span class=\"vcex-heading-inner clr\">Vid\u00e9o illustrant le m\u00e9tier de solier moquettiste<\/span><\/div>[vc_video link=\u00a0\u00bbhttps:\/\/youtu.be\/CdfynLhAwu4&Prime;][\/vc_column][\/vc_row]\n","protected":false},"excerpt":{"rendered":"<p>[vc_row][vc_column][vc_column_text] Le m\u00e9tier de solier moquettiste en b\u00e2timent construction Le solier-moquettiste r\u00e9alise sur chantier, \u00e0 partir des directives de sa hi\u00e9rarchie, seul ou au sein d\u2019une \u00e9quipe, tous les travaux n\u00e9cessaires \u00e0 la mise en \u0153uvre des rev\u00eatements de sols&hellip;<\/p>\n","protected":false},"author":1,"featured_media":0,"parent":0,"menu_order":0,"comment_status":"closed","ping_status":"closed","template":"","meta":{"footnotes":""},"class_list":["post-505","page","type-page","status-publish","hentry","entry","no-media"],"yoast_head":"<!-- This site is optimized with the Yoast SEO plugin v25.3 - https:\/\/yoast.com\/wordpress\/plugins\/seo\/ -->\n<title>Solier Moquettiste : M\u00e9tier et Formation - Blog formation apprentissage construction b\u00e2timent aquitaine<\/title>\n<meta name=\"robots\" content=\"index, follow, max-snippet:-1, max-image-preview:large, max-video-preview:-1\" \/>\n<link rel=\"canonical\" href=\"https:\/\/blog-formation-apprentissage-construction-batiment.fr\/index.php\/solier-moquettiste-metier-et-formation\/\" \/>\n<meta property=\"og:locale\" content=\"fr_FR\" \/>\n<meta property=\"og:type\" content=\"article\" \/>\n<meta property=\"og:title\" content=\"Solier Moquettiste : M\u00e9tier et Formation - Blog formation apprentissage construction b\u00e2timent aquitaine\" \/>\n<meta property=\"og:description\" content=\"[vc_row][vc_column][vc_column_text] Le m\u00e9tier de solier moquettiste en b\u00e2timent construction Le solier-moquettiste r\u00e9alise sur chantier, \u00e0 partir des directives de sa hi\u00e9rarchie, seul ou au sein d\u2019une \u00e9quipe, tous les travaux n\u00e9cessaires \u00e0 la mise en \u0153uvre des rev\u00eatements de sols&hellip;\" \/>\n<meta property=\"og:url\" content=\"https:\/\/blog-formation-apprentissage-construction-batiment.fr\/index.php\/solier-moquettiste-metier-et-formation\/\" \/>\n<meta property=\"og:site_name\" content=\"Blog formation apprentissage construction b\u00e2timent aquitaine\" \/>\n<meta property=\"article:modified_time\" content=\"2019-12-07T02:12:11+00:00\" \/>\n<meta name=\"twitter:card\" content=\"summary_large_image\" \/>\n<meta name=\"twitter:label1\" content=\"Dur\u00e9e de lecture estim\u00e9e\" \/>\n\t<meta name=\"twitter:data1\" content=\"2 minutes\" \/>\n<script type=\"application\/ld+json\" class=\"yoast-schema-graph\">{\"@context\":\"https:\/\/schema.org\",\"@graph\":[{\"@type\":\"WebPage\",\"@id\":\"https:\/\/blog-formation-apprentissage-construction-batiment.fr\/index.php\/solier-moquettiste-metier-et-formation\/\",\"url\":\"https:\/\/blog-formation-apprentissage-construction-batiment.fr\/index.php\/solier-moquettiste-metier-et-formation\/\",\"name\":\"Solier Moquettiste : M\u00e9tier et Formation - Blog formation apprentissage construction b\u00e2timent aquitaine\",\"isPartOf\":{\"@id\":\"https:\/\/blog-formation-apprentissage-construction-batiment.fr\/#website\"},\"datePublished\":\"2019-12-07T00:54:48+00:00\",\"dateModified\":\"2019-12-07T02:12:11+00:00\",\"breadcrumb\":{\"@id\":\"https:\/\/blog-formation-apprentissage-construction-batiment.fr\/index.php\/solier-moquettiste-metier-et-formation\/#breadcrumb\"},\"inLanguage\":\"fr-FR\",\"potentialAction\":[{\"@type\":\"ReadAction\",\"target\":[\"https:\/\/blog-formation-apprentissage-construction-batiment.fr\/index.php\/solier-moquettiste-metier-et-formation\/\"]}]},{\"@type\":\"BreadcrumbList\",\"@id\":\"https:\/\/blog-formation-apprentissage-construction-batiment.fr\/index.php\/solier-moquettiste-metier-et-formation\/#breadcrumb\",\"itemListElement\":[{\"@type\":\"ListItem\",\"position\":1,\"name\":\"Accueil\",\"item\":\"https:\/\/blog-formation-apprentissage-construction-batiment.fr\/\"},{\"@type\":\"ListItem\",\"position\":2,\"name\":\"Solier Moquettiste : M\u00e9tier et Formation\"}]},{\"@type\":\"WebSite\",\"@id\":\"https:\/\/blog-formation-apprentissage-construction-batiment.fr\/#website\",\"url\":\"https:\/\/blog-formation-apprentissage-construction-batiment.fr\/\",\"name\":\"Blog formation apprentissage construction b\u00e2timent aquitaine\",\"description\":\"trouvez votre formation apprentissage dans les m\u00e9tiers du b\u00e2timent en Nouvelle-Aquitaine\",\"publisher\":{\"@id\":\"https:\/\/blog-formation-apprentissage-construction-batiment.fr\/#organization\"},\"potentialAction\":[{\"@type\":\"SearchAction\",\"target\":{\"@type\":\"EntryPoint\",\"urlTemplate\":\"https:\/\/blog-formation-apprentissage-construction-batiment.fr\/?s={search_term_string}\"},\"query-input\":{\"@type\":\"PropertyValueSpecification\",\"valueRequired\":true,\"valueName\":\"search_term_string\"}}],\"inLanguage\":\"fr-FR\"},{\"@type\":\"Organization\",\"@id\":\"https:\/\/blog-formation-apprentissage-construction-batiment.fr\/#organization\",\"name\":\"Blog formation apprentissage construction b\u00e2timent aquitaine\",\"url\":\"https:\/\/blog-formation-apprentissage-construction-batiment.fr\/\",\"logo\":{\"@type\":\"ImageObject\",\"inLanguage\":\"fr-FR\",\"@id\":\"https:\/\/blog-formation-apprentissage-construction-batiment.fr\/#\/schema\/logo\/image\/\",\"url\":\"https:\/\/blog-formation-apprentissage-construction-batiment.fr\/wp-content\/uploads\/2019\/12\/LOGO-apprentissage-et-formation-batiment-construction-5.png\",\"contentUrl\":\"https:\/\/blog-formation-apprentissage-construction-batiment.fr\/wp-content\/uploads\/2019\/12\/LOGO-apprentissage-et-formation-batiment-construction-5.png\",\"width\":736,\"height\":317,\"caption\":\"Blog formation apprentissage construction b\u00e2timent aquitaine\"},\"image\":{\"@id\":\"https:\/\/blog-formation-apprentissage-construction-batiment.fr\/#\/schema\/logo\/image\/\"}}]}<\/script>\n<!-- \/ Yoast SEO plugin. -->","yoast_head_json":{"title":"Solier Moquettiste : M\u00e9tier et Formation - Blog formation apprentissage construction b\u00e2timent aquitaine","robots":{"index":"index","follow":"follow","max-snippet":"max-snippet:-1","max-image-preview":"max-image-preview:large","max-video-preview":"max-video-preview:-1"},"canonical":"https:\/\/blog-formation-apprentissage-construction-batiment.fr\/index.php\/solier-moquettiste-metier-et-formation\/","og_locale":"fr_FR","og_type":"article","og_title":"Solier Moquettiste : M\u00e9tier et Formation - Blog formation apprentissage construction b\u00e2timent aquitaine","og_description":"[vc_row][vc_column][vc_column_text] Le m\u00e9tier de solier moquettiste en b\u00e2timent construction Le solier-moquettiste r\u00e9alise sur chantier, \u00e0 partir des directives de sa hi\u00e9rarchie, seul ou au sein d\u2019une \u00e9quipe, tous les travaux n\u00e9cessaires \u00e0 la mise en \u0153uvre des rev\u00eatements de sols&hellip;","og_url":"https:\/\/blog-formation-apprentissage-construction-batiment.fr\/index.php\/solier-moquettiste-metier-et-formation\/","og_site_name":"Blog formation apprentissage construction b\u00e2timent aquitaine","article_modified_time":"2019-12-07T02:12:11+00:00","twitter_card":"summary_large_image","twitter_misc":{"Dur\u00e9e de lecture estim\u00e9e":"2 minutes"},"schema":{"@context":"https:\/\/schema.org","@graph":[{"@type":"WebPage","@id":"https:\/\/blog-formation-apprentissage-construction-batiment.fr\/index.php\/solier-moquettiste-metier-et-formation\/","url":"https:\/\/blog-formation-apprentissage-construction-batiment.fr\/index.php\/solier-moquettiste-metier-et-formation\/","name":"Solier Moquettiste : M\u00e9tier et Formation - Blog formation apprentissage construction b\u00e2timent aquitaine","isPartOf":{"@id":"https:\/\/blog-formation-apprentissage-construction-batiment.fr\/#website"},"datePublished":"2019-12-07T00:54:48+00:00","dateModified":"2019-12-07T02:12:11+00:00","breadcrumb":{"@id":"https:\/\/blog-formation-apprentissage-construction-batiment.fr\/index.php\/solier-moquettiste-metier-et-formation\/#breadcrumb"},"inLanguage":"fr-FR","potentialAction":[{"@type":"ReadAction","target":["https:\/\/blog-formation-apprentissage-construction-batiment.fr\/index.php\/solier-moquettiste-metier-et-formation\/"]}]},{"@type":"BreadcrumbList","@id":"https:\/\/blog-formation-apprentissage-construction-batiment.fr\/index.php\/solier-moquettiste-metier-et-formation\/#breadcrumb","itemListElement":[{"@type":"ListItem","position":1,"name":"Accueil","item":"https:\/\/blog-formation-apprentissage-construction-batiment.fr\/"},{"@type":"ListItem","position":2,"name":"Solier Moquettiste : M\u00e9tier et Formation"}]},{"@type":"WebSite","@id":"https:\/\/blog-formation-apprentissage-construction-batiment.fr\/#website","url":"https:\/\/blog-formation-apprentissage-construction-batiment.fr\/","name":"Blog formation apprentissage construction b\u00e2timent aquitaine","description":"trouvez votre formation apprentissage dans les m\u00e9tiers du b\u00e2timent en Nouvelle-Aquitaine","publisher":{"@id":"https:\/\/blog-formation-apprentissage-construction-batiment.fr\/#organization"},"potentialAction":[{"@type":"SearchAction","target":{"@type":"EntryPoint","urlTemplate":"https:\/\/blog-formation-apprentissage-construction-batiment.fr\/?s={search_term_string}"},"query-input":{"@type":"PropertyValueSpecification","valueRequired":true,"valueName":"search_term_string"}}],"inLanguage":"fr-FR"},{"@type":"Organization","@id":"https:\/\/blog-formation-apprentissage-construction-batiment.fr\/#organization","name":"Blog formation apprentissage construction b\u00e2timent aquitaine","url":"https:\/\/blog-formation-apprentissage-construction-batiment.fr\/","logo":{"@type":"ImageObject","inLanguage":"fr-FR","@id":"https:\/\/blog-formation-apprentissage-construction-batiment.fr\/#\/schema\/logo\/image\/","url":"https:\/\/blog-formation-apprentissage-construction-batiment.fr\/wp-content\/uploads\/2019\/12\/LOGO-apprentissage-et-formation-batiment-construction-5.png","contentUrl":"https:\/\/blog-formation-apprentissage-construction-batiment.fr\/wp-content\/uploads\/2019\/12\/LOGO-apprentissage-et-formation-batiment-construction-5.png","width":736,"height":317,"caption":"Blog formation apprentissage construction b\u00e2timent aquitaine"},"image":{"@id":"https:\/\/blog-formation-apprentissage-construction-batiment.fr\/#\/schema\/logo\/image\/"}}]}},"_links":{"self":[{"href":"https:\/\/blog-formation-apprentissage-construction-batiment.fr\/index.php\/wp-json\/wp\/v2\/pages\/505","targetHints":{"allow":["GET"]}}],"collection":[{"href":"https:\/\/blog-formation-apprentissage-construction-batiment.fr\/index.php\/wp-json\/wp\/v2\/pages"}],"about":[{"href":"https:\/\/blog-formation-apprentissage-construction-batiment.fr\/index.php\/wp-json\/wp\/v2\/types\/page"}],"author":[{"embeddable":true,"href":"https:\/\/blog-formation-apprentissage-construction-batiment.fr\/index.php\/wp-json\/wp\/v2\/users\/1"}],"replies":[{"embeddable":true,"href":"https:\/\/blog-formation-apprentissage-construction-batiment.fr\/index.php\/wp-json\/wp\/v2\/comments?post=505"}],"version-history":[{"count":3,"href":"https:\/\/blog-formation-apprentissage-construction-batiment.fr\/index.php\/wp-json\/wp\/v2\/pages\/505\/revisions"}],"predecessor-version":[{"id":622,"href":"https:\/\/blog-formation-apprentissage-construction-batiment.fr\/index.php\/wp-json\/wp\/v2\/pages\/505\/revisions\/622"}],"wp:attachment":[{"href":"https:\/\/blog-formation-apprentissage-construction-batiment.fr\/index.php\/wp-json\/wp\/v2\/media?parent=505"}],"curies":[{"name":"wp","href":"https:\/\/api.w.org\/{rel}","templated":true}]}}