{"id":358,"date":"2019-11-28T19:25:05","date_gmt":"2019-11-28T18:25:05","guid":{"rendered":"http:\/\/blog-formation-apprentissage-construction-batiment-nv-aquitaine.fr\/?page_id=358"},"modified":"2019-12-05T03:19:46","modified_gmt":"2019-12-05T02:19:46","slug":"le-contrat-dapprentissage","status":"publish","type":"page","link":"https:\/\/blog-formation-apprentissage-construction-batiment.fr\/index.php\/le-contrat-dapprentissage\/","title":{"rendered":"Le contrat d&rsquo;apprentissage"},"content":{"rendered":"[vc_row][vc_column]<h1 class=\"vcex-module vcex-heading vcex-heading-plain\" data-wpex-hover=\"{&quot;color&quot;:&quot;#1e73be&quot;}\" style=\"color:#1e73be;text-align:center;\"><span class=\"vcex-heading-inner clr\">LE CONTRAT D'APPRENTISSAGE<\/span><\/h1>[vc_column_text]\n<h3 class=\"wp-block-heading\">Objectif<\/h3>\n<br \/>\n<ul class=\"wp-block-list\">\n<li style=\"text-align: justify;\">Donner aux jeunes une\u00a0<strong>formation, sous contrat de travail<\/strong>, permettant d&rsquo;acqu\u00e9rir une qualification professionnelle.<\/li>\n<li style=\"text-align: justify;\">Se former \u00e0 la fois dans une entreprise et dans un centre de formation d\u2019apprentis (CFA).<\/li>\n<li style=\"text-align: justify;\">Acqu\u00e9rir un dipl\u00f4me ou un titre inscrit au r\u00e9pertoire national des certifications professionnelles.<\/li>\n<\/ul>\n<br \/>\n<h3 class=\"wp-block-heading\" style=\"text-align: justify;\">Conditions d&rsquo;\u00e2ge<\/h3>\n\n<p style=\"text-align: justify;\">Jeunes de 16 \u00e0 25 ans r\u00e9volus (jusqu&rsquo;au 26\u00e8me\u00a0 anniversaire). Des d\u00e9rogations d&rsquo;\u00e2ge existent :<\/p>\n<br \/>\n<ul class=\"wp-block-list\" style=\"text-align: justify;\">\n<li>Pour les jeunes de 14 ans f\u00eatant leurs 15 ans au cours de l\u2019ann\u00e9e civile et ayant termin\u00e9 leur classe de 3\u00e8me ou ayant suivi une formation dans le cadre du DIMA.<\/li>\n<li>Pour les jeunes de plus de 25 ans s&rsquo;ils poursuivent leur formation en apprentissage en pr\u00e9parant un dipl\u00f4me ou titre d&rsquo;un niveau sup\u00e9rieur ; en cas de rupture de leur contrat pour des raisons ind\u00e9pendantes de leur volont\u00e9 ; o\u00f9 s&rsquo;ils sont handicap\u00e9s.<\/li>\n<li>Pour des jeunes jusqu\u2019\u00e0 29 ans r\u00e9volu dans les r\u00e9gions de Bretagne, Bourgogne-Franche-Comt\u00e9, Centre-Val de Loire, Grand Est, Hauts-de-France, Nouvelle-Aquitaine, Pays de la Loire, \u00cele-de-France et Occitanie.<\/li>\n<\/ul>\n<br \/>\n<h3 class=\"wp-block-heading\" style=\"text-align: justify;\">R\u00e9mun\u00e9ration<\/h3>\n\n<p style=\"text-align: justify;\">Le salaire est d\u00e9termin\u00e9 en pourcentage du SMIC, ou du SMC (salaire minimum conventionnel) pour les plus de 21 ans.<br \/>Son montant varie en fonction de l\u2019\u00e2ge et de la progression dans le ou les cycles de formation.<br \/>Le salaire net est \u00e9gal au salaire brut car les apprentis ne paient pas de charges.<\/p>\n<br \/>\n<figure class=\"wp-block-image\"><img loading=\"lazy\" decoding=\"async\" width=\"1024\" height=\"337\" class=\"wp-image-359\" src=\"http:\/\/blog-formation-apprentissage-construction-batiment-nv-aquitaine.fr\/wp-content\/uploads\/2019\/11\/r\u00e9mun\u00e9ration-formation-emploi-batiment-construction-nouvelle-aquitaine-1024x337.png\" alt=\"\" \/><\/figure>\n\n<p style=\"text-align: justify;\">Des accords r\u00e9gionaux peuvent \u00eatre plus favorables.<\/p>\n\n<p style=\"text-align: justify;\">Lorsque deux contrats d\u2019apprentissage se suivent, la r\u00e9mun\u00e9ration du deuxi\u00e8me contrat est au moins \u00e9gale \u00e0 celle du premier contrat.<\/p>\n\n<p style=\"text-align: justify;\">L\u2019apprenti b\u00e9n\u00e9ficie aussi\u00a0<strong>d\u2019avantages sociaux<\/strong>\u00a0sp\u00e9cifiques (aide au permis de conduire, \u00e0 l\u2019acquisition d\u2019un deux-roues, d\u2019une voiture\u2026) et a droit \u00e0 une\u00a0<strong>carte \u00ab \u00c9tudiant des m\u00e9tiers \u00bb<\/strong>\u00a0qui offre des r\u00e9ductions tarifaires.<\/p>\n<br \/>\n<h3 class=\"wp-block-heading\" style=\"text-align: justify;\">Formation<\/h3>\n\n<p style=\"text-align: justify;\">La dur\u00e9e de la formation en CFA varie en fonction du dipl\u00f4me pr\u00e9par\u00e9 (du CAP au titre d&rsquo;ing\u00e9nieur). Elle ne peut \u00eatre inf\u00e9rieure \u00e0 400 heures par an.<\/p>\n<br \/>\n<h3 class=\"wp-block-heading\" style=\"text-align: justify;\">Ma\u00eetre d&rsquo;apprentissage<\/h3>\n\n<p style=\"text-align: justify;\">L&rsquo;entreprise doit d\u00e9signer un ma\u00eetre d&rsquo;apprentissage qui sera directement responsable du jeune apprenti. Son nom, titres, dipl\u00f4mes et exp\u00e9rience professionnelle dans l&rsquo;activit\u00e9 en relation avec la qualification vis\u00e9e par l&rsquo;apprenti, doivent figurer sur le contrat d&rsquo;apprentissage.<\/p>\n\n<p>&nbsp;<\/p>\n[\/vc_column_text][\/vc_column][\/vc_row][vc_row][vc_column]<h1 class=\"vcex-module vcex-heading vcex-heading-plain\" style=\"color:#1e73be;text-align:center;\"><span class=\"vcex-heading-inner clr\">LE FINANCEMENT DE l'APPRENTISSAGE<\/span><\/h1>[vc_empty_space][vc_column_text]\n<p style=\"text-align: justify;\">Avec la r\u00e9forme issue de la loi Avenir professionnel, le financement des CFA s&rsquo;effectue \u00ab\u00a0au contrat\u00a0\u00bb par les OPCO.\u00a0<strong>Les branches\u00a0<\/strong>d\u00e9terminent au plan national un niveau de prise en charge pour chaque certification. A d\u00e9faut, ou si les niveaux fix\u00e9s ne convergent pas vers ceux qui sont recommand\u00e9s par France comp\u00e9tences, les OPCO doivent appliquer les\u00a0niveaux de prise en charge\u00a0fix\u00e9s par d\u00e9cret. Un syst\u00e8me de p\u00e9r\u00e9quation interprofessionnelle doit garantir la possibilit\u00e9 d&rsquo;un financement dans chaque branche.<\/p>\n<p style=\"text-align: justify;\"><strong>En 2019<\/strong>, les R\u00e9gions continuent de financer les formations inscrites dans les anciennes conventions R\u00e9gion-CFA et dans les conditions pr\u00e9vues par celles-ci. Les nouvelles formations ouvertes dans le cadre de la r\u00e9forme sont financ\u00e9es par les OPCO.<br \/><strong>A titre transitoire<\/strong>, les CFA peuvent opter pour l&rsquo;ancien co\u00fbt fix\u00e9 par la pr\u00e9fecture ou pour le co\u00fbt-contrat de la branche, pour les contrats conclus de septembre 2019 \u00e0 juin 2020.<\/p>\n<p style=\"text-align: justify;\"><strong>Les R\u00e9gions\u00a0<\/strong>peuvent compl\u00e9ter le financement en majorant les\u00a0niveaux de prise en charge\u00a0fix\u00e9s par les branches, selon leurs crit\u00e8res d\u2019am\u00e9nagement du territoire et de d\u00e9veloppement de fili\u00e8res \u00e9conomiques. Elles peuvent aussi verser aux CFA des subventions d\u2019investissement.<br \/>Ces financements r\u00e9gionaux, issus de France comp\u00e9tences, peuvent faire l&rsquo;objet de conventions d\u2019objectifs et de moyens conclues avec les op\u00e9rateurs de comp\u00e9tences.<br \/>Les ressources destin\u00e9es aux R\u00e9gions pour l\u2019investissement seront d\u00e9finies chaque ann\u00e9e en loi de finances sur la bases des d\u00e9penses des exercices 2017 \u00e0 2019.<\/p>\n<p style=\"text-align: justify;\"><strong>La taxe d&rsquo;apprentissage\u00a0<\/strong>est maintenue, mais\u00a0avec deux parts : 87 % collect\u00e9s par l&rsquo;Urssaf (ou la MSA) \u00e0 partir de 2022 et r\u00e9partis par France comp\u00e9tences aux\u00a0OPCO pour financer l&rsquo;alternance et 13 % pour les financements au titre du hors quota. La fraction r\u00e9gionale dispara\u00eet.<\/p>\n<p style=\"text-align: justify;\"><strong>Une aide unique\u00a0<\/strong>a \u00e9t\u00e9 institu\u00e9e pour les employeurs. Pour les apprentis en situation de handicap, l&rsquo;Agefiph et dans le secteur public, le FIPHFP proposent aussi des aides aux employeurs et aux apprentis.<\/p>\n[\/vc_column_text][\/vc_column][\/vc_row]\n","protected":false},"excerpt":{"rendered":"<p>[vc_row][vc_column][vc_column_text] Objectif Donner aux jeunes une\u00a0formation, sous contrat de travail, permettant d&rsquo;acqu\u00e9rir une qualification professionnelle. Se former \u00e0 la fois dans une entreprise et dans un centre de formation d\u2019apprentis (CFA). Acqu\u00e9rir un dipl\u00f4me ou un titre inscrit au r\u00e9pertoire&hellip;<\/p>\n","protected":false},"author":1,"featured_media":0,"parent":0,"menu_order":0,"comment_status":"closed","ping_status":"closed","template":"","meta":{"footnotes":""},"class_list":["post-358","page","type-page","status-publish","hentry","entry","no-media"],"yoast_head":"<!-- This site is optimized with the Yoast SEO plugin v25.3 - https:\/\/yoast.com\/wordpress\/plugins\/seo\/ -->\n<title>Le contrat d&#039;apprentissage - Blog formation apprentissage construction b\u00e2timent aquitaine<\/title>\n<meta name=\"robots\" content=\"index, follow, max-snippet:-1, max-image-preview:large, max-video-preview:-1\" \/>\n<link rel=\"canonical\" href=\"https:\/\/blog-formation-apprentissage-construction-batiment.fr\/index.php\/le-contrat-dapprentissage\/\" \/>\n<meta property=\"og:locale\" content=\"fr_FR\" \/>\n<meta property=\"og:type\" content=\"article\" \/>\n<meta property=\"og:title\" content=\"Le contrat d&#039;apprentissage - Blog formation apprentissage construction b\u00e2timent aquitaine\" \/>\n<meta property=\"og:description\" content=\"[vc_row][vc_column][vc_column_text] Objectif Donner aux jeunes une\u00a0formation, sous contrat de travail, permettant d&rsquo;acqu\u00e9rir une qualification professionnelle. Se former \u00e0 la fois dans une entreprise et dans un centre de formation d\u2019apprentis (CFA). Acqu\u00e9rir un dipl\u00f4me ou un titre inscrit au r\u00e9pertoire&hellip;\" \/>\n<meta property=\"og:url\" content=\"https:\/\/blog-formation-apprentissage-construction-batiment.fr\/index.php\/le-contrat-dapprentissage\/\" \/>\n<meta property=\"og:site_name\" content=\"Blog formation apprentissage construction b\u00e2timent aquitaine\" \/>\n<meta property=\"article:modified_time\" content=\"2019-12-05T02:19:46+00:00\" \/>\n<meta name=\"twitter:card\" content=\"summary_large_image\" \/>\n<meta name=\"twitter:label1\" content=\"Dur\u00e9e de lecture estim\u00e9e\" \/>\n\t<meta name=\"twitter:data1\" content=\"4 minutes\" \/>\n<script type=\"application\/ld+json\" class=\"yoast-schema-graph\">{\"@context\":\"https:\/\/schema.org\",\"@graph\":[{\"@type\":\"WebPage\",\"@id\":\"https:\/\/blog-formation-apprentissage-construction-batiment.fr\/index.php\/le-contrat-dapprentissage\/\",\"url\":\"https:\/\/blog-formation-apprentissage-construction-batiment.fr\/index.php\/le-contrat-dapprentissage\/\",\"name\":\"Le contrat d'apprentissage - Blog formation apprentissage construction b\u00e2timent aquitaine\",\"isPartOf\":{\"@id\":\"https:\/\/blog-formation-apprentissage-construction-batiment.fr\/#website\"},\"datePublished\":\"2019-11-28T18:25:05+00:00\",\"dateModified\":\"2019-12-05T02:19:46+00:00\",\"breadcrumb\":{\"@id\":\"https:\/\/blog-formation-apprentissage-construction-batiment.fr\/index.php\/le-contrat-dapprentissage\/#breadcrumb\"},\"inLanguage\":\"fr-FR\",\"potentialAction\":[{\"@type\":\"ReadAction\",\"target\":[\"https:\/\/blog-formation-apprentissage-construction-batiment.fr\/index.php\/le-contrat-dapprentissage\/\"]}]},{\"@type\":\"BreadcrumbList\",\"@id\":\"https:\/\/blog-formation-apprentissage-construction-batiment.fr\/index.php\/le-contrat-dapprentissage\/#breadcrumb\",\"itemListElement\":[{\"@type\":\"ListItem\",\"position\":1,\"name\":\"Accueil\",\"item\":\"https:\/\/blog-formation-apprentissage-construction-batiment.fr\/\"},{\"@type\":\"ListItem\",\"position\":2,\"name\":\"Le contrat d&rsquo;apprentissage\"}]},{\"@type\":\"WebSite\",\"@id\":\"https:\/\/blog-formation-apprentissage-construction-batiment.fr\/#website\",\"url\":\"https:\/\/blog-formation-apprentissage-construction-batiment.fr\/\",\"name\":\"Blog formation apprentissage construction b\u00e2timent aquitaine\",\"description\":\"trouvez votre formation apprentissage dans les m\u00e9tiers du b\u00e2timent en Nouvelle-Aquitaine\",\"publisher\":{\"@id\":\"https:\/\/blog-formation-apprentissage-construction-batiment.fr\/#organization\"},\"potentialAction\":[{\"@type\":\"SearchAction\",\"target\":{\"@type\":\"EntryPoint\",\"urlTemplate\":\"https:\/\/blog-formation-apprentissage-construction-batiment.fr\/?s={search_term_string}\"},\"query-input\":{\"@type\":\"PropertyValueSpecification\",\"valueRequired\":true,\"valueName\":\"search_term_string\"}}],\"inLanguage\":\"fr-FR\"},{\"@type\":\"Organization\",\"@id\":\"https:\/\/blog-formation-apprentissage-construction-batiment.fr\/#organization\",\"name\":\"Blog formation apprentissage construction b\u00e2timent aquitaine\",\"url\":\"https:\/\/blog-formation-apprentissage-construction-batiment.fr\/\",\"logo\":{\"@type\":\"ImageObject\",\"inLanguage\":\"fr-FR\",\"@id\":\"https:\/\/blog-formation-apprentissage-construction-batiment.fr\/#\/schema\/logo\/image\/\",\"url\":\"https:\/\/blog-formation-apprentissage-construction-batiment.fr\/wp-content\/uploads\/2019\/12\/LOGO-apprentissage-et-formation-batiment-construction-5.png\",\"contentUrl\":\"https:\/\/blog-formation-apprentissage-construction-batiment.fr\/wp-content\/uploads\/2019\/12\/LOGO-apprentissage-et-formation-batiment-construction-5.png\",\"width\":736,\"height\":317,\"caption\":\"Blog formation apprentissage construction b\u00e2timent aquitaine\"},\"image\":{\"@id\":\"https:\/\/blog-formation-apprentissage-construction-batiment.fr\/#\/schema\/logo\/image\/\"}}]}<\/script>\n<!-- \/ Yoast SEO plugin. -->","yoast_head_json":{"title":"Le contrat d'apprentissage - Blog formation apprentissage construction b\u00e2timent aquitaine","robots":{"index":"index","follow":"follow","max-snippet":"max-snippet:-1","max-image-preview":"max-image-preview:large","max-video-preview":"max-video-preview:-1"},"canonical":"https:\/\/blog-formation-apprentissage-construction-batiment.fr\/index.php\/le-contrat-dapprentissage\/","og_locale":"fr_FR","og_type":"article","og_title":"Le contrat d'apprentissage - Blog formation apprentissage construction b\u00e2timent aquitaine","og_description":"[vc_row][vc_column][vc_column_text] Objectif Donner aux jeunes une\u00a0formation, sous contrat de travail, permettant d&rsquo;acqu\u00e9rir une qualification professionnelle. Se former \u00e0 la fois dans une entreprise et dans un centre de formation d\u2019apprentis (CFA). Acqu\u00e9rir un dipl\u00f4me ou un titre inscrit au r\u00e9pertoire&hellip;","og_url":"https:\/\/blog-formation-apprentissage-construction-batiment.fr\/index.php\/le-contrat-dapprentissage\/","og_site_name":"Blog formation apprentissage construction b\u00e2timent aquitaine","article_modified_time":"2019-12-05T02:19:46+00:00","twitter_card":"summary_large_image","twitter_misc":{"Dur\u00e9e de lecture estim\u00e9e":"4 minutes"},"schema":{"@context":"https:\/\/schema.org","@graph":[{"@type":"WebPage","@id":"https:\/\/blog-formation-apprentissage-construction-batiment.fr\/index.php\/le-contrat-dapprentissage\/","url":"https:\/\/blog-formation-apprentissage-construction-batiment.fr\/index.php\/le-contrat-dapprentissage\/","name":"Le contrat d'apprentissage - Blog formation apprentissage construction b\u00e2timent aquitaine","isPartOf":{"@id":"https:\/\/blog-formation-apprentissage-construction-batiment.fr\/#website"},"datePublished":"2019-11-28T18:25:05+00:00","dateModified":"2019-12-05T02:19:46+00:00","breadcrumb":{"@id":"https:\/\/blog-formation-apprentissage-construction-batiment.fr\/index.php\/le-contrat-dapprentissage\/#breadcrumb"},"inLanguage":"fr-FR","potentialAction":[{"@type":"ReadAction","target":["https:\/\/blog-formation-apprentissage-construction-batiment.fr\/index.php\/le-contrat-dapprentissage\/"]}]},{"@type":"BreadcrumbList","@id":"https:\/\/blog-formation-apprentissage-construction-batiment.fr\/index.php\/le-contrat-dapprentissage\/#breadcrumb","itemListElement":[{"@type":"ListItem","position":1,"name":"Accueil","item":"https:\/\/blog-formation-apprentissage-construction-batiment.fr\/"},{"@type":"ListItem","position":2,"name":"Le contrat d&rsquo;apprentissage"}]},{"@type":"WebSite","@id":"https:\/\/blog-formation-apprentissage-construction-batiment.fr\/#website","url":"https:\/\/blog-formation-apprentissage-construction-batiment.fr\/","name":"Blog formation apprentissage construction b\u00e2timent aquitaine","description":"trouvez votre formation apprentissage dans les m\u00e9tiers du b\u00e2timent en Nouvelle-Aquitaine","publisher":{"@id":"https:\/\/blog-formation-apprentissage-construction-batiment.fr\/#organization"},"potentialAction":[{"@type":"SearchAction","target":{"@type":"EntryPoint","urlTemplate":"https:\/\/blog-formation-apprentissage-construction-batiment.fr\/?s={search_term_string}"},"query-input":{"@type":"PropertyValueSpecification","valueRequired":true,"valueName":"search_term_string"}}],"inLanguage":"fr-FR"},{"@type":"Organization","@id":"https:\/\/blog-formation-apprentissage-construction-batiment.fr\/#organization","name":"Blog formation apprentissage construction b\u00e2timent aquitaine","url":"https:\/\/blog-formation-apprentissage-construction-batiment.fr\/","logo":{"@type":"ImageObject","inLanguage":"fr-FR","@id":"https:\/\/blog-formation-apprentissage-construction-batiment.fr\/#\/schema\/logo\/image\/","url":"https:\/\/blog-formation-apprentissage-construction-batiment.fr\/wp-content\/uploads\/2019\/12\/LOGO-apprentissage-et-formation-batiment-construction-5.png","contentUrl":"https:\/\/blog-formation-apprentissage-construction-batiment.fr\/wp-content\/uploads\/2019\/12\/LOGO-apprentissage-et-formation-batiment-construction-5.png","width":736,"height":317,"caption":"Blog formation apprentissage construction b\u00e2timent aquitaine"},"image":{"@id":"https:\/\/blog-formation-apprentissage-construction-batiment.fr\/#\/schema\/logo\/image\/"}}]}},"_links":{"self":[{"href":"https:\/\/blog-formation-apprentissage-construction-batiment.fr\/index.php\/wp-json\/wp\/v2\/pages\/358","targetHints":{"allow":["GET"]}}],"collection":[{"href":"https:\/\/blog-formation-apprentissage-construction-batiment.fr\/index.php\/wp-json\/wp\/v2\/pages"}],"about":[{"href":"https:\/\/blog-formation-apprentissage-construction-batiment.fr\/index.php\/wp-json\/wp\/v2\/types\/page"}],"author":[{"embeddable":true,"href":"https:\/\/blog-formation-apprentissage-construction-batiment.fr\/index.php\/wp-json\/wp\/v2\/users\/1"}],"replies":[{"embeddable":true,"href":"https:\/\/blog-formation-apprentissage-construction-batiment.fr\/index.php\/wp-json\/wp\/v2\/comments?post=358"}],"version-history":[{"count":6,"href":"https:\/\/blog-formation-apprentissage-construction-batiment.fr\/index.php\/wp-json\/wp\/v2\/pages\/358\/revisions"}],"predecessor-version":[{"id":440,"href":"https:\/\/blog-formation-apprentissage-construction-batiment.fr\/index.php\/wp-json\/wp\/v2\/pages\/358\/revisions\/440"}],"wp:attachment":[{"href":"https:\/\/blog-formation-apprentissage-construction-batiment.fr\/index.php\/wp-json\/wp\/v2\/media?parent=358"}],"curies":[{"name":"wp","href":"https:\/\/api.w.org\/{rel}","templated":true}]}}